{"id":27414,"date":"2022-03-17T11:48:31","date_gmt":"2022-03-17T10:48:31","guid":{"rendered":"https:\/\/companyvalley.com\/?page_id=27414"},"modified":"2022-03-17T11:48:32","modified_gmt":"2022-03-17T10:48:32","slug":"promo-bootcamp-bali-g","status":"publish","type":"page","link":"https:\/\/areaweb.online\/companyvalley\/promo-bootcamp-bali-g\/","title":{"rendered":"Promo Bootcamp Bali g"},"content":{"rendered":"\n<img decoding=\"async\" src=\"https:\/\/areaweb.online\/companyvalley\/wp-content\/uploads\/2021\/12\/orla2.png\" alt=\"orla2\" title=\"orla2\" itemprop=\"image\">\n\t\t<h1>BOOTCAMP DE PROGRAMACI\u00d3N EN BALI<\/h1>\t\t\t\n\t\t\t<a href=\"#matricularme\" target=\"_self\" role=\"button\" aria-label=\"SOLICITA INFORMACI\u00d3N\" rel=\"noopener\">\n\t\t\t\t\t\t\tSOLICITA INFORMACI\u00d3N\n\t\t<\/a>\n\t\t\t<a href=\"#matricularme\" target=\"_self\" role=\"button\" aria-label=\"QUIERO MATRICULARME\" rel=\"noopener\">\n\t\t\t\t\t\t\tQUIERO MATRICULARME\n\t\t<\/a>\n\t\t\t<h5>FULL TIME<\/h5>\t\t\t\n\t\t\t\t<p>13 Semanas<\/p>\n\t\t\t<h5>13<\/h5>\t\t\t\n\t\t\t\t<p>Semanas<\/p>\n\t\t\t<h5>TITULACI\u00d3N<\/h5>\t\t\t\n\t\t\t\t<p>propia<\/p>\n\t\t\t<h5>ONLINE<\/h5>\t\t\t\n\t\t\t\t<p>a tu ritmo<\/p>\n\t\t\t\t<img loading=\"lazy\" decoding=\"async\" src=\"https:\/\/areaweb.online\/companyvalley\/wp-content\/uploads\/2021\/12\/orla1-alfa-1.png\" alt=\"orla1-alfa\" itemprop=\"image\" height=\"600\" width=\"640\" title=\"orla1-alfa\" onerror=\"this.style.display='none'\">\n\t<h1>\n\t\t\t\tAPRENDE A PROGRAMAR EN BALI\n\t\t\t<\/h1>\n\t\t\t<p>Aprenda a programar en nuestro campus en Bali y empieza tu carrera como desarrollador. Cuando termines el Bootcamp tendr\u00e1s los conocimientos, la metodolog\u00eda y las herramientas necesarias para convertirte en un miembro de la comunidad profesional m\u00e1s demandada.<\/p>\t\n\t\t\t<a href=\"#matricularme\" target=\"_self\" role=\"button\" aria-label=\"QUIERO MATRICULARME\" rel=\"noopener\">\n\t\t\t\t\t\t\tQUIERO MATRICULARME\n\t\t<\/a>\n\t\t\t\t<img loading=\"lazy\" decoding=\"async\" src=\"https:\/\/areaweb.online\/companyvalley\/wp-content\/uploads\/2022\/01\/Capture_HAckathon_wordpress-square.jpeg\" alt=\"Capture_HAckathon_wordpress-square\" itemprop=\"image\" height=\"592\" width=\"592\" title=\"Capture_HAckathon_wordpress-square\" onerror=\"this.style.display='none'\">\n\t\t\t<h3>FRONT END CODING<\/h3><h3>BOOTCAMP BALI 2022 <\/h3>\t\t\t\n\t<h4>FULL TIME &#8211; 5 SEMANAS<\/h4>\n<p>27 Junio 2022 &#8211; 31 Julio 2022<br>08 &#8211; 16 hs.<\/p>\n\t\t\t<h3>FULL STACK CODING<\/h3><h3>BOOTCAMP BALI 2022 <\/h3>\t\t\t\n\t<h4>FULL TIME &#8211; 13 SEMANAS<\/h4>\n<p>27 Junio 2022 &#8211; 25 Septiembre 2022<br>08 &#8211; 16 hs.<\/p>\n\t\t\t\t<img loading=\"lazy\" decoding=\"async\" src=\"https:\/\/areaweb.online\/companyvalley\/wp-content\/uploads\/2021\/12\/orla1-alfa-1.png\" alt=\"orla1-alfa\" itemprop=\"image\" height=\"600\" width=\"640\" title=\"orla1-alfa\" onerror=\"this.style.display='none'\">\n\t<h1>\n\t\t\t\tVive una experiencia Bali Digital Nomad\n\t\t\t<\/h1>\n\t<p>Vive el estilo de vida balin\u00e9s mientras aprendes programaci\u00f3n en el mejor destino tur\u00edstico del mundo. Mejor que Par\u00eds, dicen, la isla comparte una gran lista de experiencias para no olvidar.<\/p>\n<p>En general, Bali es un destino que te permitir\u00e1 comprender la variedad de culturas, para mantenerte inspirado con nuevas experiencias a lo largo de tus estudios.<\/p>\n\t\t\t\t\t<img decoding=\"async\" src=\"https:\/\/areaweb.online\/companyvalley\/wp-content\/uploads\/2022\/01\/young-woman-at-the-pura-ulun-danu-bratan-bali-2021-09-01-17-16-42-utc.jpg\" alt=\"\/\">\n\t\t\t\t<img decoding=\"async\" src=\"https:\/\/themasteruniversity.com\/wp-content\/uploads\/2021\/12\/arrow-down.png\" alt=\"arrow-down\" itemprop=\"image\" title=\"arrow-down\" onerror=\"this.style.display='none'\">\n\t<h3>\n\t\t\t\tA QUI\u00c9N VA DIRIGIDO\n\t\t\t<\/h3>\n\t\t\t<p>Recorre las vistas de los incre\u00edbles paisajes del norte, desde monta\u00f1as, lagos y valles, todo te inspirar\u00e1 con nuevas ideas para tu desarrollo profesional. Y ya hacia las playas, en Sanur descubrir\u00e1s hermosos amaneceres con vista a la playa, mientras que Seminyak es conocida por sus legendarios atardeceres.<\/p>\n\t\t\t<a href=\"#matricularme\" target=\"_self\" role=\"button\" aria-label=\"QUIERO MATRICULARME\" rel=\"noopener\">\n\t\t\t\t\t\t\tQUIERO MATRICULARME\n\t\t<\/a>\n\t\t\t\t<img decoding=\"async\" src=\"https:\/\/thepoweruniversity.com\/wp-content\/uploads\/2020\/12\/student1.jpg\" alt=\"student1\" title=\"student1\" itemprop=\"image\">\n\t\t\t\t<img decoding=\"async\" src=\"https:\/\/thepoweruniversity.com\/wp-content\/uploads\/2020\/12\/student3.jpg\" alt=\"student3\" title=\"student3\" itemprop=\"image\">\n\t\t\t\t<img decoding=\"async\" src=\"https:\/\/thepoweruniversity.com\/wp-content\/uploads\/2020\/12\/student6.jpg\" alt=\"student6\" title=\"student6\" itemprop=\"image\">\n\t\t\t\t<img decoding=\"async\" src=\"https:\/\/thepoweruniversity.com\/wp-content\/uploads\/2020\/12\/student5.jpg\" alt=\"student5\" title=\"student5\" itemprop=\"image\">\n\t\t\t\t<img decoding=\"async\" src=\"https:\/\/thepoweruniversity.com\/wp-content\/uploads\/2020\/12\/student4.jpg\" alt=\"student4\" title=\"student4\" itemprop=\"image\">\n\t\t\t\t<img decoding=\"async\" src=\"https:\/\/thepoweruniversity.com\/wp-content\/uploads\/2020\/12\/student2.jpg\" alt=\"student2\" title=\"student2\" itemprop=\"image\">\n\t\t\t\t<img loading=\"lazy\" decoding=\"async\" src=\"https:\/\/areaweb.online\/companyvalley\/wp-content\/uploads\/2021\/12\/orla1-alfa-1.png\" alt=\"orla1-alfa\" itemprop=\"image\" height=\"600\" width=\"640\" title=\"orla1-alfa\" onerror=\"this.style.display='none'\">\n\t<h3>\n\t\t\t\tQU\u00c9 APRENDER\u00c1S\n\t\t\t<\/h3>\n\t<p>Cuando termines el Bootcamp tendr\u00e1s los conocimientos, la metodolog\u00eda y las herramientas necesarias para convertirte en un miembro de la comunidad profesional m\u00e1s demandada.<\/p>\n\t\t\t\t<img loading=\"lazy\" decoding=\"async\" src=\"https:\/\/areaweb.online\/companyvalley\/wp-content\/uploads\/2021\/12\/orla2.png\" alt=\"orla2\" itemprop=\"image\" height=\"600\" width=\"640\" title=\"orla2\" onerror=\"this.style.display='none'\">\n\t<h1>\n\t\t\t\tDIGITAL NOMAD IN BALI\n\t\t\t<\/h1>\n\tMejora tu experiencia y participa en nuestro programa intensivo de 30 d\u00edas <strong>\u00abDigital Nomad Program\u00bb<\/strong>. Te llevaremos a <strong>Bali <\/strong>para que puedas conocer de primera mano el ecosistema de los n\u00f3madas digitales.<br>\nEl viaje, alojamiento y experiencias inolvidables <strong>est\u00e1n incluidas en el programa<\/strong>.\n\t\t<nav>\n\t\t\t<ul>\n\t\t\t\t\t\t\t\t<li data-index=\"0\">\n\t\t\t\t\t<h4>\n\t\t\t\t\t\t<a href=\"javascript:void(0);\">ESTILO DE VIDA\n\t\t\t\t\t\t\t\t\t\t\t\t<\/a>\n\t\t\t\t\t<\/h4>\n\t\t\t\t<\/li>\n\t\t\t\t\t\t\t\t<li data-index=\"1\">\n\t\t\t\t\t<h4>\n\t\t\t\t\t\t<a href=\"javascript:void(0);\">COMUNIDAD\n\t\t\t\t\t\t\t\t\t\t\t\t<\/a>\n\t\t\t\t\t<\/h4>\n\t\t\t\t<\/li>\n\t\t\t\t\t\t\t\t<li data-index=\"2\">\n\t\t\t\t\t<h4>\n\t\t\t\t\t\t<a href=\"javascript:void(0);\">COWORKING\n\t\t\t\t\t\t\t\t\t\t\t\t<\/a>\n\t\t\t\t\t<\/h4>\n\t\t\t\t<\/li>\n\t\t\t\t\t\t\t\t<li data-index=\"3\">\n\t\t\t\t\t<h4>\n\t\t\t\t\t\t<a href=\"javascript:void(0);\">LIFESTYLE\n\t\t\t\t\t\t\t\t\t\t\t\t<\/a>\n\t\t\t\t\t<\/h4>\n\t\t\t\t<\/li>\n\t\t\t\t\t\t\t<\/ul>\n\t\t<\/nav>\n\t\t\t\t\t<h4>\n\t\t\t\t\t\t\t\t\t\t\t\tESTILO DE VIDA\n\t\t\t\t\t\t\t\t\t\t\t<\/h4>\n\t\t\t\t\t<p>Har\u00e1s realidad tus sue\u00f1os y empezar\u00e1s a vivir como siempre has querido.<\/p>\n\t\t\t\t\t<h4>\n\t\t\t\t\t\t\t\t\t\t\t\tCOMUNIDAD\n\t\t\t\t\t\t\t\t\t\t\t<\/h4>\n\t\t\t\t\t<p>Crear\u00e9is una red de n\u00f3madas digitales que ser\u00e1 de por vida.<\/p>\n\t\t\t\t\t<h4>\n\t\t\t\t\t\t\t\t\t\t\t\tCOWORKING\n\t\t\t\t\t\t\t\t\t\t\t<\/h4>\n\t\t\t\t\t<p>Tendr\u00e1s un espacio para ti delante de la playa donde podr\u00e1s seguir estudiando.<\/p>\n\t\t\t\t\t<h4>\n\t\t\t\t\t\t\t\t\t\t\t\tLIFESTYLE\n\t\t\t\t\t\t\t\t\t\t\t<\/h4>\n\t\t\t\t\t<p>Deja de pensar y haz realidad tu sue\u00f1o. Vive la experiencia de ser un n\u00f3mada digital en pura esencia. Ser\u00e1 tu primer paso para tu libertad econ\u00f3mica<\/p>\n\t\t\t\t\t<!-- \/content -->\n\t<!-- \/tabs -->\n\t\t\t<a href=\"https:\/\/areaweb.online\/companyvalley\/nomada-digital\" target=\"_self\" role=\"button\" aria-label=\"N\u00d3MADAS DIGITALES\" rel=\"noopener\">\n\t\t\t\t\t\t\tN\u00d3MADAS DIGITALES\n\t\t<\/a>\n\t\t\t<h3>CLASES EXCLUSIVAS EN PRIMAKARA<\/h3>\t\t\t\n\t\t\t\t<p>Estudiar\u00e1s en Primakara, un campus de tecnolog\u00eda e innovaci\u00f3n tecnol\u00f3gica El enorme crecimiento y desarrollo del campus fue premiado por el Ministerio de Educaci\u00f3n y Cultura de la Rep\u00fablica de Indonesia, y desde entonces se le ha otorgado un Decreto Ministerial (n\u00famero 458 \/ E \/ O \/ 2013) como universidad legal y con licencia desde septiembre de 2013.<\/p>\n\t\t\t<a href=\"#matricularme\" target=\"_self\" role=\"button\" aria-label=\"QUIERO MATRICULARME\" rel=\"noopener\">\n\t\t\t\t\t\t\tQUIERO MATRICULARME\n\t\t<\/a>\n\t\t\t\t<img loading=\"lazy\" decoding=\"async\" src=\"https:\/\/areaweb.online\/companyvalley\/wp-content\/uploads\/2022\/01\/primakara-square.jpg\" alt=\"primakara-square\" itemprop=\"image\" height=\"1606\" width=\"1606\" title=\"primakara-square\" onerror=\"this.style.display='none'\">\n\t\t\t\t<img loading=\"lazy\" decoding=\"async\" src=\"https:\/\/areaweb.online\/companyvalley\/wp-content\/uploads\/2022\/01\/young-woman-working-remotely-2021-08-28-07-01-53-utc-square.jpeg\" alt=\"young-woman-working-remotely-2021-08-28-07-01-53-utc-square\" itemprop=\"image\" height=\"1280\" width=\"1280\" title=\"young-woman-working-remotely-2021-08-28-07-01-53-utc-square\" onerror=\"this.style.display='none'\">\n\t\t\t<h3>D\u00d3NDE VOY A ALOJARME<\/h3>\t\t\t\n\t\t\t\t<p>Nosotros nos encargamos de todo lo relativo a tu alojamiento. Para que la experiencia sea inolvidable te alojar\u00e1s en diferentes hoteles de la isla para descubrir todos los rincones escondidos que Bali tiene para ofrecer. Durante algunos d\u00edas de tu estancia estudiar\u00e1s all\u00ed, y una vez termines tus clases podr\u00e1s disfrutar de todo lo que tiene para ofrecerte.<\/p>\n\t\t\t<a href=\"#matricularme\" target=\"_self\" role=\"button\" aria-label=\"QUIERO MATRICULARME\" rel=\"noopener\">\n\t\t\t\t\t\t\tQUIERO MATRICULARME\n\t\t<\/a>\n\t\t\t<h3>C\u00d3MO ES ESTUDIAR EN BALI<\/h3>\t\t\t\n\t\t\t\t<p>Para estudiar en Bali necesitas visado y billete de avi\u00f3n, pero no te preocupes porque nosotros nos encargamos de todos los tr\u00e1mites por ti. Trabajamos con el gobierno de Indonesia para que puedas estar seguro de que contar\u00e1s con todas las garant\u00edas necesarias para que tu estancia en Bali sea 100% segura.<\/p>\n\t\t\t<a href=\"#matricularme\" target=\"_self\" role=\"button\" aria-label=\"QUIERO MATRICULARME\" rel=\"noopener\">\n\t\t\t\t\t\t\tQUIERO MATRICULARME\n\t\t<\/a>\n\t\t\t\t<img loading=\"lazy\" decoding=\"async\" src=\"https:\/\/areaweb.online\/companyvalley\/wp-content\/uploads\/2022\/01\/woman-work-remotely-on-beach-using-laptop-and-sma-2021-08-31-00-37-03-utc-square.jpeg\" alt=\"woman-work-remotely-on-beach-using-laptop-and-sma-2021-08-31-00-37-03-utc-square\" itemprop=\"image\" height=\"1280\" width=\"1280\" title=\"woman-work-remotely-on-beach-using-laptop-and-sma-2021-08-31-00-37-03-utc-square\" onerror=\"this.style.display='none'\">\n\t<h4>\n\t\t\t\tPartners\n\t\t\t<\/h4>\n\t\t\t\t<img decoding=\"async\" src=\"https:\/\/thepoweruniversity.com\/wp-content\/uploads\/2020\/12\/logos-06-free-img.png\" alt=\"logos-06-free-img\" title=\"logos-06-free-img\" itemprop=\"image\">\n\t\t\t\t<img decoding=\"async\" src=\"https:\/\/areaweb.online\/companyvalley\/wp-content\/uploads\/2022\/02\/logo-primakara.png\" alt=\"logo primakara\" title=\"logo primakara\" itemprop=\"image\">\n\t\t\t\t<img decoding=\"async\" src=\"https:\/\/areaweb.online\/companyvalley\/wp-content\/uploads\/2022\/02\/logo-nav-griya-santrian-1.png\" alt=\"logo-nav-griya-santrian-1\" title=\"logo-nav-griya-santrian-1\" itemprop=\"image\">\n\t\t\t\t<img decoding=\"async\" src=\"https:\/\/areaweb.online\/companyvalley\/wp-content\/uploads\/2022\/02\/logo-griya-santrian-white-new-1.png\" alt=\"logo-griya-santrian-white-new-1\" title=\"logo-griya-santrian-white-new-1\" itemprop=\"image\">\n\t\t\t\t<img decoding=\"async\" src=\"https:\/\/areaweb.online\/companyvalley\/wp-content\/uploads\/2022\/02\/kirana-group-logo-70x69-2.png\" alt=\"kirana-group-logo-70x69-2\" title=\"kirana-group-logo-70x69-2\" itemprop=\"image\">\n\t\t\t\t<img loading=\"lazy\" decoding=\"async\" src=\"https:\/\/areaweb.online\/companyvalley\/wp-content\/uploads\/2021\/12\/orla2.png\" alt=\"orla2\" itemprop=\"image\" height=\"600\" width=\"640\" title=\"orla2\" onerror=\"this.style.display='none'\">\n\t<h3>\n\t\t\t\tSOLICITA INFORMACI\u00d3N\n\t\t\t<\/h3>\n\t<p>Get healthier by following lorem Ipsum. Proin gravida nibh vel velit auctor aliquet.<\/p>\n\t\t\t\t<form data-form_id=\"3\" id=\"fluentform_3\" data-form_instance=\"ff_form_instance_3_1\" method=\"POST\"><input type=\"hidden\" name=\"__fluent_form_embded_post_id\" value=\"26813\"><input type=\"hidden\" id=\"_fluentform_3_fluentformnonce\" name=\"_fluentform_3_fluentformnonce\" value=\"c7ea075633\"><input type=\"hidden\" name=\"_wp_http_referer\" value=\"\/?page_id=26813&amp;fl_builder\"><label for=\"ff_3_names_first_name_\">Nombre<\/label> <input type=\"text\" name=\"names[first_name]\" id=\"ff_3_names_first_name_\" placeholder=\"Nombre\"><label for=\"ff_3_phone\">Tel\u00e9fono<\/label> <input name=\"phone\" type=\"tel\" placeholder=\"Tel\u00e9fono\" data-name=\"phone\" id=\"ff_3_phone\" inputmode=\"tel\"><label for=\"ff_3_email\">Email<\/label> <input type=\"email\" name=\"email\" id=\"ff_3_email\" placeholder=\"Email\" data-name=\"email\"><label for=\"ff_3_description\">Consulta<\/label> <textarea name=\"description\" id=\"ff_3_description\" placeholder=\"Escribe tu consulta...\" rows=\"3\" cols=\"2\" data-name=\"description\"><\/textarea><button type=\"submit\">ENVIAR CONSULTA<\/button><\/form>\n","protected":false},"excerpt":{"rendered":"<p>BOOTCAMP DE PROGRAMACI\u00d3N EN BALI SOLICITA INFORMACI\u00d3N QUIERO MATRICULARME FULL TIME 13 Semanas 13 Semanas TITULACI\u00d3N propia ONLINE a tu ritmo APRENDE A PROGRAMAR EN BALI Aprenda a programar en nuestro campus en Bali y empieza tu carrera como desarrollador. [&hellip;]<\/p>\n","protected":false},"author":2,"featured_media":26303,"parent":0,"menu_order":0,"comment_status":"closed","ping_status":"closed","template":"","meta":{"site-sidebar-layout":"no-sidebar","site-content-layout":"page-builder","ast-site-content-layout":"default","site-content-style":"default","site-sidebar-style":"default","ast-global-header-display":"","ast-banner-title-visibility":"","ast-main-header-display":"","ast-hfb-above-header-display":"","ast-hfb-below-header-display":"","ast-hfb-mobile-header-display":"","site-post-title":"disabled","ast-breadcrumbs-content":"","ast-featured-img":"disabled","footer-sml-layout":"","ast-disable-related-posts":"","theme-transparent-header-meta":"disabled","adv-header-id-meta":"","stick-header-meta":"","header-above-stick-meta":"","header-main-stick-meta":"","header-below-stick-meta":"","astra-migrate-meta-layouts":"default","ast-page-background-enabled":"default","ast-page-background-meta":{"desktop":{"background-color":"","background-image":"","background-repeat":"repeat","background-position":"center center","background-size":"auto","background-attachment":"scroll","background-type":"","background-media":"","overlay-type":"","overlay-color":"","overlay-opacity":"","overlay-gradient":""},"tablet":{"background-color":"","background-image":"","background-repeat":"repeat","background-position":"center center","background-size":"auto","background-attachment":"scroll","background-type":"","background-media":"","overlay-type":"","overlay-color":"","overlay-opacity":"","overlay-gradient":""},"mobile":{"background-color":"","background-image":"","background-repeat":"repeat","background-position":"center center","background-size":"auto","background-attachment":"scroll","background-type":"","background-media":"","overlay-type":"","overlay-color":"","overlay-opacity":"","overlay-gradient":""}},"ast-content-background-meta":{"desktop":{"background-color":"var(--ast-global-color-5)","background-image":"","background-repeat":"repeat","background-position":"center center","background-size":"auto","background-attachment":"scroll","background-type":"","background-media":"","overlay-type":"","overlay-color":"","overlay-opacity":"","overlay-gradient":""},"tablet":{"background-color":"var(--ast-global-color-5)","background-image":"","background-repeat":"repeat","background-position":"center center","background-size":"auto","background-attachment":"scroll","background-type":"","background-media":"","overlay-type":"","overlay-color":"","overlay-opacity":"","overlay-gradient":""},"mobile":{"background-color":"var(--ast-global-color-5)","background-image":"","background-repeat":"repeat","background-position":"center center","background-size":"auto","background-attachment":"scroll","background-type":"","background-media":"","overlay-type":"","overlay-color":"","overlay-opacity":"","overlay-gradient":""}},"footnotes":""},"categories":[26],"tags":[31,30],"class_list":["post-27414","page","type-page","status-publish","has-post-thumbnail","hentry","category-bootcamps","tag-digital-tech","tag-diseno-digital"],"_links":{"self":[{"href":"https:\/\/areaweb.online\/companyvalley\/wp-json\/wp\/v2\/pages\/27414","targetHints":{"allow":["GET"]}}],"collection":[{"href":"https:\/\/areaweb.online\/companyvalley\/wp-json\/wp\/v2\/pages"}],"about":[{"href":"https:\/\/areaweb.online\/companyvalley\/wp-json\/wp\/v2\/types\/page"}],"author":[{"embeddable":true,"href":"https:\/\/areaweb.online\/companyvalley\/wp-json\/wp\/v2\/users\/2"}],"replies":[{"embeddable":true,"href":"https:\/\/areaweb.online\/companyvalley\/wp-json\/wp\/v2\/comments?post=27414"}],"version-history":[{"count":1,"href":"https:\/\/areaweb.online\/companyvalley\/wp-json\/wp\/v2\/pages\/27414\/revisions"}],"predecessor-version":[{"id":27415,"href":"https:\/\/areaweb.online\/companyvalley\/wp-json\/wp\/v2\/pages\/27414\/revisions\/27415"}],"wp:featuredmedia":[{"embeddable":true,"href":"https:\/\/areaweb.online\/companyvalley\/wp-json\/wp\/v2\/media\/26303"}],"wp:attachment":[{"href":"https:\/\/areaweb.online\/companyvalley\/wp-json\/wp\/v2\/media?parent=27414"}],"wp:term":[{"taxonomy":"category","embeddable":true,"href":"https:\/\/areaweb.online\/companyvalley\/wp-json\/wp\/v2\/categories?post=27414"},{"taxonomy":"post_tag","embeddable":true,"href":"https:\/\/areaweb.online\/companyvalley\/wp-json\/wp\/v2\/tags?post=27414"}],"curies":[{"name":"wp","href":"https:\/\/api.w.org\/{rel}","templated":true}]}}