{"id":27099,"date":"2022-02-17T18:09:46","date_gmt":"2022-02-17T17:09:46","guid":{"rendered":"https:\/\/companyvalley.com\/?page_id=27099"},"modified":"2022-02-28T15:43:23","modified_gmt":"2022-02-28T14:43:23","slug":"becas","status":"publish","type":"page","link":"https:\/\/areaweb.online\/companyvalley\/becas\/","title":{"rendered":"Becas"},"content":{"rendered":"\n\n\t\t\t<h5>Ahora es el momento, TU VIAJE EMPIEZA AHORA<\/h5><h1>CONSIGUE TU BECA indo tech<\/h1>\t\t\t\n\t\t\t<a href=\"#informacion\" target=\"_self\" role=\"button\" aria-label=\"SOLICITA INFORMACI\u00d3N\" rel=\"noopener\">\n\t\t\t\t\t\t\tSOLICITA INFORMACI\u00d3N\n\t\t<\/a>\n\t<h1>\n\t\t\t\tM\u00c1STERS DIGITALES PARA VIVIR UNA EXPERIENCIA INTERNACIONAL \u00daNICA\n\t\t\t<\/h1>\n\t\t\t\t<img loading=\"lazy\" decoding=\"async\" src=\"https:\/\/areaweb.online\/companyvalley\/wp-content\/uploads\/2021\/12\/orla1-alfa-1.png\" alt=\"orla1-alfa\" itemprop=\"image\" height=\"600\" width=\"640\" title=\"orla1-alfa\" onerror=\"this.style.display='none'\"  \/>\n<h1>\n\t\tDESCUBRE NUESTRO PROGRAMA DE\n\t\tBECAS INDO TECH\n\t\t\t\t<\/h1>\t\n\t\t\t\t<img decoding=\"async\" src=\"https:\/\/clubpowerwoman.com\/wp-content\/uploads\/2021\/12\/arrow-down.png\" alt=\"arrow-down\" itemprop=\"image\" title=\"arrow-down\" onerror=\"this.style.display='none'\"  \/>\n\t<p>Estudiar en <strong>CompanyValley<\/strong> supone disponer no s\u00f3lo de tiempo sino tambi\u00e9n de recursos econ\u00f3micos y por eso queremos ayudarte.<\/p>\n<p>Para colaborar en el desarrollo de las habilidades digitales de las personas, contamos con nuestras propias becas \u00ab<strong>BECAS INDO TECH<\/strong>\u00bb con el objetivo de ayudar a diferentes colectivos sociales a que se formen en las profesiones m\u00e1s demandadas del mundo.<\/p>\n\t\t\t\t<img loading=\"lazy\" decoding=\"async\" src=\"https:\/\/areaweb.online\/companyvalley\/wp-content\/uploads\/2022\/01\/portrait-of-female-advertising-marketing-or-design-2021-08-31-13-36-19-utc.jpg\" alt=\"portrait-of-female-advertising-marketing-or-design-2021-08-31-13-36-19-utc\" itemprop=\"image\" height=\"1280\" width=\"1920\" title=\"portrait-of-female-advertising-marketing-or-design-2021-08-31-13-36-19-utc\" onerror=\"this.style.display='none'\"  \/>\n<h3>WOMAN<\/h3>\t\t\n\t\t\t<p>Desde <strong>CompanyValley <\/strong>queremos ayudar a reducir la brecha de g\u00e9nero y por eso otorgamos becas a todas aquellas mujeres que quieran adentrarse en profesiones digitales.<\/p>\n\t\t\t\t<img loading=\"lazy\" decoding=\"async\" src=\"https:\/\/areaweb.online\/companyvalley\/wp-content\/uploads\/2022\/01\/young-web-designers-working-together-at-modern-off-2021-08-27-09-37-23-utc.jpg\" alt=\"young-web-designers-working-together-at-modern-off-2021-08-27-09-37-23-utc\" itemprop=\"image\" height=\"1280\" width=\"1920\" title=\"young-web-designers-working-together-at-modern-off-2021-08-27-09-37-23-utc\" onerror=\"this.style.display='none'\"  \/>\n<h3>STARTUPS<\/h3>\t\t\n\t\t\t<p>Para todos aquellos <strong>emprendedores<\/strong> que hayan fundado una <strong>Startup<\/strong> y que tenga una vida inferior a 2 a\u00f1os.<\/p>\n\t\t\t\t<img loading=\"lazy\" decoding=\"async\" src=\"https:\/\/areaweb.online\/companyvalley\/wp-content\/uploads\/2022\/01\/smiling-web-designer-working-on-draft-at-desk-in-o-2022-01-06-19-46-17-utc.jpg\" alt=\"smiling-web-designer-working-on-draft-at-desk-in-o-2022-01-06-19-46-17-utc\" itemprop=\"image\" height=\"1280\" width=\"1920\" title=\"smiling-web-designer-working-on-draft-at-desk-in-o-2022-01-06-19-46-17-utc\" onerror=\"this.style.display='none'\"  \/>\n<h3>FREELANCE<\/h3>\t\t\n\t\t\t<p>Para todos aquellos que sean <strong>Freelance<\/strong> o <strong>Auton\u00f3mos<\/strong> y quieran seguir desarrollando habilidades.<\/p>\n\t\t\t\t<img loading=\"lazy\" decoding=\"async\" src=\"https:\/\/areaweb.online\/companyvalley\/wp-content\/uploads\/2021\/12\/orla2.png\" alt=\"orla2\" itemprop=\"image\" height=\"600\" width=\"640\" title=\"orla2\" onerror=\"this.style.display='none'\"  \/>\n\t<h1>\n\t\t\t\tDIGITAL NOMAD IN BALI\n\t\t\t<\/h1>\n\tMejora tu experiencia y participa en nuestro programa intensivo de 30 d\u00edas <strong>\u00abDigital Nomad Program\u00bb<\/strong>. Te llevaremos a <strong>Bali <\/strong>para que puedas conocer de primera mano el ecosistema de los n\u00f3madas digitales.<br \/>\nEl viaje, alojamiento y experiencias inolvidables <strong>est\u00e1n incluidas en el programa<\/strong>.\n\t\t<nav>\n\t\t\t<ul>\n\t\t\t\t\t\t\t\t<li data-index=\"0\">\n\t\t\t\t\t<h4>\n\t\t\t\t\t\t<a href=\"javascript:void(0);\">ESTILO DE VIDA\n\t\t\t\t\t\t\t\t\t\t\t\t<\/a>\n\t\t\t\t\t<\/h4>\n\t\t\t\t<\/li>\n\t\t\t\t\t\t\t\t<li data-index=\"1\">\n\t\t\t\t\t<h4>\n\t\t\t\t\t\t<a href=\"javascript:void(0);\">COMUNIDAD\n\t\t\t\t\t\t\t\t\t\t\t\t<\/a>\n\t\t\t\t\t<\/h4>\n\t\t\t\t<\/li>\n\t\t\t\t\t\t\t\t<li data-index=\"2\">\n\t\t\t\t\t<h4>\n\t\t\t\t\t\t<a href=\"javascript:void(0);\">COWORKING\n\t\t\t\t\t\t\t\t\t\t\t\t<\/a>\n\t\t\t\t\t<\/h4>\n\t\t\t\t<\/li>\n\t\t\t\t\t\t\t\t<li data-index=\"3\">\n\t\t\t\t\t<h4>\n\t\t\t\t\t\t<a href=\"javascript:void(0);\">LIFESTYLE\n\t\t\t\t\t\t\t\t\t\t\t\t<\/a>\n\t\t\t\t\t<\/h4>\n\t\t\t\t<\/li>\n\t\t\t\t\t\t\t<\/ul>\n\t\t<\/nav>\n\t\t\t\t\t<h4>\n\t\t\t\t\t\t\t\t\t\t\t\tESTILO DE VIDA\n\t\t\t\t\t\t\t\t\t\t\t<\/h4>\n\t\t\t\t\t<p>Har\u00e1s realidad tus sue\u00f1os y empezar\u00e1s a vivir como siempre has querido.<\/p>\n\t\t\t\t\t<h4>\n\t\t\t\t\t\t\t\t\t\t\t\tCOMUNIDAD\n\t\t\t\t\t\t\t\t\t\t\t<\/h4>\n\t\t\t\t\t<p>Crear\u00e9is una red de n\u00f3madas digitales que ser\u00e1 de por vida.<\/p>\n\t\t\t\t\t<h4>\n\t\t\t\t\t\t\t\t\t\t\t\tCOWORKING\n\t\t\t\t\t\t\t\t\t\t\t<\/h4>\n\t\t\t\t\t<p>Tendr\u00e1s un espacio para ti delante de la playa donde podr\u00e1s seguir estudiando.<\/p>\n\t\t\t\t\t<h4>\n\t\t\t\t\t\t\t\t\t\t\t\tLIFESTYLE\n\t\t\t\t\t\t\t\t\t\t\t<\/h4>\n\t\t\t\t\t<p>Deja de pensar y haz realidad tu sue\u00f1o. Vive la experiencia de ser un n\u00f3mada digital en pura esencia. Ser\u00e1 tu primer paso para tu libertad econ\u00f3mica<\/p>\n\t\t\t\t\t<!-- \/content -->\n\t<!-- \/tabs -->\n\t\t\t<a href=\"https:\/\/areaweb.online\/companyvalley\/nomada-digital\" target=\"_self\" role=\"button\" aria-label=\"N\u00d3MADAS DIGITALES\" rel=\"noopener\">\n\t\t\t\t\t\t\tN\u00d3MADAS DIGITALES\n\t\t<\/a>\n\t\t\t\t<img decoding=\"async\" src=\"https:\/\/areaweb.online\/companyvalley\/wp-content\/uploads\/2022\/02\/partners.png\" alt=\"partners\" title=\"partners\" itemprop=\"image\"\/>\n\t\t\t\t<img loading=\"lazy\" decoding=\"async\" src=\"https:\/\/areaweb.online\/companyvalley\/wp-content\/uploads\/2021\/12\/orla2.png\" alt=\"orla2\" itemprop=\"image\" height=\"600\" width=\"640\" title=\"orla2\" onerror=\"this.style.display='none'\"  \/>\n\t<h2>\n\t\t\t\tSOLICITA INFORMACI\u00d3N\n\t\t\t<\/h2>\n\t\t\t\t<form data-form_id=\"3\" id=\"fluentform_3\" data-form_instance=\"ff_form_instance_3_1\" method=\"POST\"><input type='hidden' name='__fluent_form_embded_post_id' value='27099' \/><input type=\"hidden\" id=\"_fluentform_3_fluentformnonce\" name=\"_fluentform_3_fluentformnonce\" value=\"9efd50eca8\" \/><input type=\"hidden\" name=\"_wp_http_referer\" value=\"\/?page_id=27099&amp;fl_builder\" \/><label for='ff_3_names_first_name_'>Nombre<\/label> <input type=\"text\" name=\"names[first_name]\" id=\"ff_3_names_first_name_\" placeholder=\"Nombre\"\/><label for='ff_3_phone'>Tel\u00e9fono<\/label> <input name=\"phone\" type=\"tel\" placeholder=\"Tel\u00e9fono\" data-name=\"phone\" id=\"ff_3_phone\" inputmode=\"tel\"\/><label for='ff_3_email'>Email<\/label> <input type=\"email\" name=\"email\" id=\"ff_3_email\" placeholder=\"Email\" data-name=\"email\"\/><label for='ff_3_description'>Consulta<\/label> <textarea name=\"description\" id=\"ff_3_description\" placeholder=\"Escribe tu consulta...\" rows=\"3\" cols=\"2\" data-name=\"description\"><\/textarea><button type=\"submit\">ENVIAR CONSULTA<\/button><\/form>        \n\t\t\t\t<img loading=\"lazy\" decoding=\"async\" src=\"https:\/\/areaweb.online\/companyvalley\/wp-content\/uploads\/2021\/12\/orla2.png\" alt=\"orla2\" itemprop=\"image\" height=\"600\" width=\"640\" title=\"orla2\" onerror=\"this.style.display='none'\"  \/>\n\t<h5>ART\u00cdCULOS DE INTER\u00c9S<\/h5>\n<p><a href=\"#\">M\u00e1sters y Carreras Internacionales<\/a><br \/><a href=\"#\">M\u00e1sters en Internacionales en Bali<\/a><br \/><a href=\"#\">Cursos y Postgrados Digitales<\/a><\/p>\n\t<h5>INFORMACI\u00d3N<\/h5>\n<a href=\"#\">Sobre Nosotros<\/a><br \/>\n<a href=\"https:\/\/areaweb.online\/companyvalley\/partners-academicos\">Partners Acad\u00e9micos<\/a><br \/>\n<a href=\"#\">Titulaciones<\/a>\n\t<h5>COMUNIDAD<\/h5>\n<a href=\"#\">Ambassadors<\/a><br \/>\n<a href=\"#\">Contacto<\/a><br \/>\n<a href=\"#\">Tutores<\/a>\n\t<h5>LEGAL<\/h5>\n<p><a href=\"#\">Aviso Legal<\/a><br \/><a href=\"#\">Pol\u00edtica de Privacidad<\/a><br \/><a href=\"#\">Pol\u00edtica de Cookies<\/a><\/p>\n\n","protected":false},"excerpt":{"rendered":"<p>Ahora es el momento, TU VIAJE EMPIEZA AHORA CONSIGUE TU BECA indo tech SOLICITA INFORMACI\u00d3N M\u00c1STERS DIGITALES PARA VIVIR UNA EXPERIENCIA INTERNACIONAL \u00daNICA DESCUBRE NUESTRO PROGRAMA DE BECAS INDO TECH Estudiar en CompanyValley supone disponer no s\u00f3lo de tiempo sino [&hellip;]<\/p>\n","protected":false},"author":2,"featured_media":0,"parent":0,"menu_order":0,"comment_status":"closed","ping_status":"closed","template":"","meta":{"site-sidebar-layout":"no-sidebar","site-content-layout":"page-builder","ast-site-content-layout":"default","site-content-style":"default","site-sidebar-style":"default","ast-global-header-display":"","ast-banner-title-visibility":"","ast-main-header-display":"","ast-hfb-above-header-display":"","ast-hfb-below-header-display":"","ast-hfb-mobile-header-display":"","site-post-title":"disabled","ast-breadcrumbs-content":"","ast-featured-img":"disabled","footer-sml-layout":"","ast-disable-related-posts":"","theme-transparent-header-meta":"enabled","adv-header-id-meta":"","stick-header-meta":"","header-above-stick-meta":"","header-main-stick-meta":"","header-below-stick-meta":"","astra-migrate-meta-layouts":"default","ast-page-background-enabled":"default","ast-page-background-meta":{"desktop":{"background-color":"","background-image":"","background-repeat":"repeat","background-position":"center center","background-size":"auto","background-attachment":"scroll","background-type":"","background-media":"","overlay-type":"","overlay-color":"","overlay-opacity":"","overlay-gradient":""},"tablet":{"background-color":"","background-image":"","background-repeat":"repeat","background-position":"center center","background-size":"auto","background-attachment":"scroll","background-type":"","background-media":"","overlay-type":"","overlay-color":"","overlay-opacity":"","overlay-gradient":""},"mobile":{"background-color":"","background-image":"","background-repeat":"repeat","background-position":"center center","background-size":"auto","background-attachment":"scroll","background-type":"","background-media":"","overlay-type":"","overlay-color":"","overlay-opacity":"","overlay-gradient":""}},"ast-content-background-meta":{"desktop":{"background-color":"var(--ast-global-color-5)","background-image":"","background-repeat":"repeat","background-position":"center center","background-size":"auto","background-attachment":"scroll","background-type":"","background-media":"","overlay-type":"","overlay-color":"","overlay-opacity":"","overlay-gradient":""},"tablet":{"background-color":"var(--ast-global-color-5)","background-image":"","background-repeat":"repeat","background-position":"center center","background-size":"auto","background-attachment":"scroll","background-type":"","background-media":"","overlay-type":"","overlay-color":"","overlay-opacity":"","overlay-gradient":""},"mobile":{"background-color":"var(--ast-global-color-5)","background-image":"","background-repeat":"repeat","background-position":"center center","background-size":"auto","background-attachment":"scroll","background-type":"","background-media":"","overlay-type":"","overlay-color":"","overlay-opacity":"","overlay-gradient":""}},"footnotes":""},"categories":[],"tags":[],"class_list":["post-27099","page","type-page","status-publish","hentry"],"_links":{"self":[{"href":"https:\/\/areaweb.online\/companyvalley\/wp-json\/wp\/v2\/pages\/27099","targetHints":{"allow":["GET"]}}],"collection":[{"href":"https:\/\/areaweb.online\/companyvalley\/wp-json\/wp\/v2\/pages"}],"about":[{"href":"https:\/\/areaweb.online\/companyvalley\/wp-json\/wp\/v2\/types\/page"}],"author":[{"embeddable":true,"href":"https:\/\/areaweb.online\/companyvalley\/wp-json\/wp\/v2\/users\/2"}],"replies":[{"embeddable":true,"href":"https:\/\/areaweb.online\/companyvalley\/wp-json\/wp\/v2\/comments?post=27099"}],"version-history":[{"count":3,"href":"https:\/\/areaweb.online\/companyvalley\/wp-json\/wp\/v2\/pages\/27099\/revisions"}],"predecessor-version":[{"id":27309,"href":"https:\/\/areaweb.online\/companyvalley\/wp-json\/wp\/v2\/pages\/27099\/revisions\/27309"}],"wp:attachment":[{"href":"https:\/\/areaweb.online\/companyvalley\/wp-json\/wp\/v2\/media?parent=27099"}],"wp:term":[{"taxonomy":"category","embeddable":true,"href":"https:\/\/areaweb.online\/companyvalley\/wp-json\/wp\/v2\/categories?post=27099"},{"taxonomy":"post_tag","embeddable":true,"href":"https:\/\/areaweb.online\/companyvalley\/wp-json\/wp\/v2\/tags?post=27099"}],"curies":[{"name":"wp","href":"https:\/\/api.w.org\/{rel}","templated":true}]}}