{"id":27037,"date":"2022-02-14T11:55:32","date_gmt":"2022-02-14T10:55:32","guid":{"rendered":"https:\/\/companyvalley.com\/?page_id=27037"},"modified":"2022-02-14T12:00:24","modified_gmt":"2022-02-14T11:00:24","slug":"partners-academicos","status":"publish","type":"page","link":"https:\/\/areaweb.online\/companyvalley\/partners-academicos\/","title":{"rendered":"PArtners acad\u00e9micos"},"content":{"rendered":"\n\n\t\t\t<h1>Partners Acad\u00e9micos<\/h1>\t\t\t\n\t\t\t<a href=\"#\" target=\"_self\" role=\"button\" aria-label=\"CONTACTA CON NOSOTROS\" rel=\"noopener\">\n\t\t\t\t\t\t\tCONTACTA CON NOSOTROS\n\t\t<\/a>\n\t\t\t\t<img loading=\"lazy\" decoding=\"async\" src=\"https:\/\/areaweb.online\/companyvalley\/wp-content\/uploads\/2021\/12\/orla1-alfa-1.png\" alt=\"orla1-alfa\" itemprop=\"image\" height=\"600\" width=\"640\" title=\"orla1-alfa\" onerror=\"this.style.display='none'\"  \/>\n\t\t\t<h2>NUESTROS PARTNERS<\/h2>\t\t\t\n\t<p>Company Valley es una escuela digital e internacional que nace con la idea de ayudar a las personas a que se formen en profesiones que puedan ejercer desde cualquier parte del mundo.<\/p>\n<p>Nuestros programas educativos est\u00e1n dise\u00f1ados para ayudar a conseguir la independencia laboral de las personas y a la vez generar un impacto social en el mundo.<\/p>\n<p>Adem\u00e1s, todos nuestros programas est\u00e1n dirigidos por los mejores profesionales, todos referentes en su sector<\/p>\n<p>S\u00famate al impacto que vamos a generar y ay\u00fadanos a formar a los l\u00edderes del ma\u00f1ana.<\/p>\n<p>D\u00e9janos tus datos, cu\u00e9ntanos lo que tu quieras y contactaremos contigo.<\/p>\n\t\t\t\t<img loading=\"lazy\" decoding=\"async\" src=\"https:\/\/areaweb.online\/companyvalley\/wp-content\/uploads\/2021\/12\/orla2.png\" alt=\"orla2\" itemprop=\"image\" height=\"600\" width=\"640\" title=\"orla2\" onerror=\"this.style.display='none'\"  \/>\n\t<h2>\n\t\t\t\tEMPIEZA HOY MISMO\n\t\t\t<\/h2>\n\t\t\t\t<h3>Newsletter CompanyValley<\/h3>\n\t\t\t\t\t\t\t\t\t\t\t<p>Mantente al d\u00eda de todos nuestros eventos y lanzamientos.<\/p>\n\t\t\t\t\t<form data-form_id=\"3\" id=\"fluentform_3\" data-form_instance=\"ff_form_instance_3_1\" method=\"POST\"><input type='hidden' name='__fluent_form_embded_post_id' value='27037' \/><input type=\"hidden\" id=\"_fluentform_3_fluentformnonce\" name=\"_fluentform_3_fluentformnonce\" value=\"d4e3f4c7d6\" \/><input type=\"hidden\" name=\"_wp_http_referer\" value=\"\/?page_id=27037&amp;fl_builder\" \/><label for='ff_3_names_first_name_'>Nombre<\/label> <input type=\"text\" name=\"names[first_name]\" id=\"ff_3_names_first_name_\" placeholder=\"Nombre\"\/><label for='ff_3_phone'>Tel\u00e9fono<\/label> <input name=\"phone\" type=\"tel\" placeholder=\"Tel\u00e9fono\" data-name=\"phone\" id=\"ff_3_phone\" inputmode=\"tel\"\/><label for='ff_3_email'>Email<\/label> <input type=\"email\" name=\"email\" id=\"ff_3_email\" placeholder=\"Email\" data-name=\"email\"\/><label for='ff_3_description'>Consulta<\/label> <textarea name=\"description\" id=\"ff_3_description\" placeholder=\"Escribe tu consulta...\" rows=\"3\" cols=\"2\" data-name=\"description\"><\/textarea><button type=\"submit\">ENVIAR CONSULTA<\/button><\/form>        \n\t\t\t\t<img loading=\"lazy\" decoding=\"async\" src=\"https:\/\/areaweb.online\/companyvalley\/wp-content\/uploads\/2021\/12\/orla2.png\" alt=\"orla2\" itemprop=\"image\" height=\"600\" width=\"640\" title=\"orla2\" onerror=\"this.style.display='none'\"  \/>\n\t<h5>ART\u00cdCULOS DE INTER\u00c9S<\/h5>\n<p><a href=\"#\">M\u00e1sters y Carreras Internacionales<\/a><br \/><a href=\"#\">M\u00e1sters en Internacionales en Bali<\/a><br \/><a href=\"#\">Cursos y Postgrados Digitales<\/a><\/p>\n\t<h5>INFORMACI\u00d3N<\/h5>\n<p><a href=\"#\">Sobre Nosotros<\/a><br \/><a href=\"#\">Partners Acad\u00e9micos<\/a><br \/><a href=\"#\">Titulaciones<\/a><\/p>\n\t<h5>COMUNIDAD<\/h5>\n<a href=\"https:\/\/areaweb.online\/companyvalley\/embajadoras\/\">Ambassadors<\/a><br \/>\n<a href=\"#\">Partners Acad\u00e9micos<\/a><br \/>\n<a href=\"#\">Titulaciones<\/a>\n\t<h5>LEGAL<\/h5>\n<p><a href=\"#\">Aviso Legal<\/a><br \/><a href=\"#\">Pol\u00edtica de Privacidad<\/a><br \/><a href=\"#\">Pol\u00edtica de Cookies<\/a><\/p>\n\n","protected":false},"excerpt":{"rendered":"<p>Partners Acad\u00e9micos CONTACTA CON NOSOTROS NUESTROS PARTNERS Company Valley es una escuela digital e internacional que nace con la idea de ayudar a las personas a que se formen en profesiones que puedan ejercer desde cualquier parte del mundo. Nuestros [&hellip;]<\/p>\n","protected":false},"author":2,"featured_media":0,"parent":0,"menu_order":0,"comment_status":"closed","ping_status":"closed","template":"","meta":{"site-sidebar-layout":"no-sidebar","site-content-layout":"page-builder","ast-site-content-layout":"default","site-content-style":"default","site-sidebar-style":"default","ast-global-header-display":"","ast-banner-title-visibility":"","ast-main-header-display":"","ast-hfb-above-header-display":"","ast-hfb-below-header-display":"","ast-hfb-mobile-header-display":"","site-post-title":"disabled","ast-breadcrumbs-content":"","ast-featured-img":"disabled","footer-sml-layout":"","ast-disable-related-posts":"","theme-transparent-header-meta":"enabled","adv-header-id-meta":"","stick-header-meta":"","header-above-stick-meta":"","header-main-stick-meta":"","header-below-stick-meta":"","astra-migrate-meta-layouts":"default","ast-page-background-enabled":"default","ast-page-background-meta":{"desktop":{"background-color":"","background-image":"","background-repeat":"repeat","background-position":"center center","background-size":"auto","background-attachment":"scroll","background-type":"","background-media":"","overlay-type":"","overlay-color":"","overlay-opacity":"","overlay-gradient":""},"tablet":{"background-color":"","background-image":"","background-repeat":"repeat","background-position":"center center","background-size":"auto","background-attachment":"scroll","background-type":"","background-media":"","overlay-type":"","overlay-color":"","overlay-opacity":"","overlay-gradient":""},"mobile":{"background-color":"","background-image":"","background-repeat":"repeat","background-position":"center center","background-size":"auto","background-attachment":"scroll","background-type":"","background-media":"","overlay-type":"","overlay-color":"","overlay-opacity":"","overlay-gradient":""}},"ast-content-background-meta":{"desktop":{"background-color":"var(--ast-global-color-5)","background-image":"","background-repeat":"repeat","background-position":"center center","background-size":"auto","background-attachment":"scroll","background-type":"","background-media":"","overlay-type":"","overlay-color":"","overlay-opacity":"","overlay-gradient":""},"tablet":{"background-color":"var(--ast-global-color-5)","background-image":"","background-repeat":"repeat","background-position":"center center","background-size":"auto","background-attachment":"scroll","background-type":"","background-media":"","overlay-type":"","overlay-color":"","overlay-opacity":"","overlay-gradient":""},"mobile":{"background-color":"var(--ast-global-color-5)","background-image":"","background-repeat":"repeat","background-position":"center center","background-size":"auto","background-attachment":"scroll","background-type":"","background-media":"","overlay-type":"","overlay-color":"","overlay-opacity":"","overlay-gradient":""}},"footnotes":""},"categories":[],"tags":[],"class_list":["post-27037","page","type-page","status-publish","hentry"],"_links":{"self":[{"href":"https:\/\/areaweb.online\/companyvalley\/wp-json\/wp\/v2\/pages\/27037","targetHints":{"allow":["GET"]}}],"collection":[{"href":"https:\/\/areaweb.online\/companyvalley\/wp-json\/wp\/v2\/pages"}],"about":[{"href":"https:\/\/areaweb.online\/companyvalley\/wp-json\/wp\/v2\/types\/page"}],"author":[{"embeddable":true,"href":"https:\/\/areaweb.online\/companyvalley\/wp-json\/wp\/v2\/users\/2"}],"replies":[{"embeddable":true,"href":"https:\/\/areaweb.online\/companyvalley\/wp-json\/wp\/v2\/comments?post=27037"}],"version-history":[{"count":2,"href":"https:\/\/areaweb.online\/companyvalley\/wp-json\/wp\/v2\/pages\/27037\/revisions"}],"predecessor-version":[{"id":27039,"href":"https:\/\/areaweb.online\/companyvalley\/wp-json\/wp\/v2\/pages\/27037\/revisions\/27039"}],"wp:attachment":[{"href":"https:\/\/areaweb.online\/companyvalley\/wp-json\/wp\/v2\/media?parent=27037"}],"wp:term":[{"taxonomy":"category","embeddable":true,"href":"https:\/\/areaweb.online\/companyvalley\/wp-json\/wp\/v2\/categories?post=27037"},{"taxonomy":"post_tag","embeddable":true,"href":"https:\/\/areaweb.online\/companyvalley\/wp-json\/wp\/v2\/tags?post=27037"}],"curies":[{"name":"wp","href":"https:\/\/api.w.org\/{rel}","templated":true}]}}