{"id":26978,"date":"2022-02-10T13:15:59","date_gmt":"2022-02-10T12:15:59","guid":{"rendered":"https:\/\/companyvalley.com\/?page_id=26978"},"modified":"2025-07-05T13:21:36","modified_gmt":"2025-07-05T11:21:36","slug":"portada-interna","status":"publish","type":"page","link":"https:\/\/areaweb.online\/companyvalley\/","title":{"rendered":"Portada INTERNA"},"content":{"rendered":"\n\n\t\t\t<h5>Ahora es el momento, TU VIAJE EMPIEZA AHORA<\/h5><h1>LA ESCUELA DE NEGOCIOS PENSADA PARA N\u00d3MADAS DIGITALES<\/h1>\t\t\t\n\t\t\t<a href=\"#informacion\" title=\"Click Here\" target=\"_self\"   role=\"button\" aria-label=\"SOLICITA INFORMACI\u00d3N\">\n\t\t\t\t\t\t\tSOLICITA INFORMACI\u00d3N\n\t\t<\/a>\n\t\t\t\t<img loading=\"lazy\" decoding=\"async\" src=\"https:\/\/areaweb.online\/companyvalley\/wp-content\/uploads\/2021\/12\/orla1-alfa-1.png\" alt=\"orla1-alfa\" itemprop=\"image\" height=\"600\" width=\"640\" title=\"orla1-alfa\" onerror=\"this.style.display='none'\"  \/>\n<h1>\n\t\tTE AYUDAMOS A CAMBIAR TU VIDA VIVIENDO UNA\n\t\tEXPERIENCA \u00daNICA\n\t\t\t\t<\/h1>\t\n\t\t\t\t\t<img decoding=\"async\" src=\"https:\/\/areaweb.online\/companyvalley\/wp-content\/uploads\/2021\/12\/successful-smiling-business-woman-at-work-holding-ZSGWDM4.jpg\" alt=\"\"\/>\n\t<p><strong>\u00bfQuieres gestionar tu tiempo? \u00bfQuieres trabajar desde cualquier lugar del mundo? \u00a1Nunca ha habido un momento mejor para hacerlo!<\/strong><\/p>\n<p>Desde <strong>CompanyValley<\/strong> queremos ayudarte en tu viaje de n\u00f3mada digital. Te ense\u00f1aremos a crear un estilo de vida orientado al prop\u00f3sito, rentable y equilibrado. Orient\u00e1ndote y asesor\u00e1ndote desde el primer d\u00eda<\/p>\n<p>Convertirte en n\u00f3mada digital te permitir\u00e1 trabajar desde cualquier parte del mundo, cuando t\u00fa quieras y desde tu ordenador.<\/p>\n\t\t\t\t<img decoding=\"async\" src=\"https:\/\/clubpowerwoman.com\/wp-content\/uploads\/2021\/12\/arrow-down.png\" alt=\"arrow-down\" itemprop=\"image\" title=\"arrow-down\" onerror=\"this.style.display='none'\"  \/>\n\t<h1>\n\t\t\t\tM\u00c1STERS profesionales\n\t\t\t<\/h1>\n\t\t\t<p>M\u00e1sters pensados para revolucionar tu vida profesional viviendo experiencias \u00fanicas.<\/p>\t\n\t\t\t<a href=\"https:\/\/areaweb.online\/companyvalley\/masters\/\" title=\"Click Here\" target=\"_self\"   role=\"button\" aria-label=\"TODOS LOS M\u00c1STERS\">\n\t\t\t\t\t\t\tTODOS LOS M\u00c1STERS\n\t\t<\/a>\n\t\t\t\t<img loading=\"lazy\" decoding=\"async\" src=\"https:\/\/areaweb.online\/companyvalley\/wp-content\/uploads\/2021\/12\/orla1-alfa-1.png\" alt=\"orla1-alfa\" itemprop=\"image\" height=\"600\" width=\"640\" title=\"orla1-alfa\" onerror=\"this.style.display='none'\"  \/>\n\t\t\t<h5>M\u00c1STER DESTACADO<\/h5><h1>CHIEF HAPPINESS OFFICER<\/h1>\t\t\t\n\t\t\t\t<p>M\u00e1ster CHO para capacitarte en bienestar corporativo y gesti\u00f3n de la felicidad.<\/p>\n\t\t\t<a href=\"https:\/\/areaweb.online\/companyvalley\/master-chief-happiness-officer\/\" title=\"Click Here\" target=\"_self\"   role=\"button\" aria-label=\"VER M\u00c1STER\">\n\t\t\t\t\t\t\tVER M\u00c1STER\n\t\t<\/a>\n\t\t\t\t<img decoding=\"async\" src=\"https:\/\/areaweb.online\/companyvalley\/wp-content\/uploads\/bb-plugin\/cache\/front-view-of-diverse-female-graphic-designers-dis-2021-08-28-16-47-57-utc-portrait.jpg\" alt=\"front-view-of-diverse-female-graphic-designers-dis-2021-08-28-16-47-57-utc\" title=\"front-view-of-diverse-female-graphic-designers-dis-2021-08-28-16-47-57-utc\" itemprop=\"image\"  \/>\n\t\t\t\t\t\t\t\t\t\t\t\t\t\t<a href=\"https:\/\/areaweb.online\/companyvalley\/aws-developer\/\" target=\"_self\" title=\"AWS DEVELOPER specialist\">\n\t\t\t\t<img decoding=\"async\" src=\"https:\/\/areaweb.online\/companyvalley\/wp-content\/uploads\/2022\/02\/asking-web-designer-to-add-design-elements-for-pre-2021-09-24-03-07-40-utc.jpg\" alt=\"\" \/>\n\t\t\t\t<\/a>\n\t\t\t<a href=\"https:\/\/areaweb.online\/companyvalley\/tag\/digital-tech\/\">Digital Tech<\/a>\t\t\t<h2>\n\t\t\t\t<a href=https:\/\/areaweb.online\/companyvalley\/aws-developer\/ title=\"AWS DEVELOPER specialist\" tabindex=\"0\">AWS DEVELOPER specialist<\/a>\t\t\t<\/h2>\n\t\t\t<a href=\"https:\/\/areaweb.online\/companyvalley\/aws-developer\/\" title=\"Click Here\" target=\"_self\"   role=\"button\" aria-label=\"VER M\u00c1STER\">\n\t\t\t\t\t\t\tVER M\u00c1STER\n\t\t<\/a>\n\t\t\t\t\t\t\t\t\t\t\t\t\t\t<a href=\"https:\/\/areaweb.online\/companyvalley\/cibersecurity-specialist\/\" target=\"_self\" title=\"CIBERSECURITY SPECIALIST\">\n\t\t\t\t<img decoding=\"async\" src=\"https:\/\/areaweb.online\/companyvalley\/wp-content\/uploads\/2022\/02\/pretty-webdesigner-2021-09-24-04-00-40-utc.jpg\" alt=\"\" \/>\n\t\t\t\t<\/a>\n\t\t\t<a href=\"https:\/\/areaweb.online\/companyvalley\/tag\/business-executive\/\">Business Executive<\/a>\t\t\t<h2>\n\t\t\t\t<a href=https:\/\/areaweb.online\/companyvalley\/cibersecurity-specialist\/ title=\"CIBERSECURITY SPECIALIST\" tabindex=\"0\">CIBERSECURITY SPECIALIST<\/a>\t\t\t<\/h2>\n\t\t\t<a href=\"https:\/\/areaweb.online\/companyvalley\/cibersecurity-specialist\/\" title=\"Click Here\" target=\"_self\"   role=\"button\" aria-label=\"VER M\u00c1STER\">\n\t\t\t\t\t\t\tVER M\u00c1STER\n\t\t<\/a>\n\t\t\t\t\t\t\t\t\t\t\t\t\t\t<a href=\"https:\/\/areaweb.online\/companyvalley\/master-en-desarrollo-multiplataforma\/\" target=\"_self\" title=\"Desarrollo Multiplataforma\">\n\t\t\t\t<img decoding=\"async\" src=\"https:\/\/areaweb.online\/companyvalley\/wp-content\/uploads\/2022\/01\/smiling-web-designer-working-on-draft-at-desk-in-o-2022-01-06-19-46-17-utc.jpg\" alt=\"\" \/>\n\t\t\t\t<\/a>\n\t\t\t<a href=\"https:\/\/areaweb.online\/companyvalley\/tag\/digital-tech\/\">Digital Tech<\/a>\t\t\t<h2>\n\t\t\t\t<a href=https:\/\/areaweb.online\/companyvalley\/master-en-desarrollo-multiplataforma\/ title=\"Desarrollo Multiplataforma\" tabindex=\"0\">Desarrollo Multiplataforma<\/a>\t\t\t<\/h2>\n\t\t\t<a href=\"https:\/\/areaweb.online\/companyvalley\/master-en-desarrollo-multiplataforma\/\" title=\"Click Here\" target=\"_self\"   role=\"button\" aria-label=\"VER M\u00c1STER\">\n\t\t\t\t\t\t\tVER M\u00c1STER\n\t\t<\/a>\n\t\t\t\t\t\t\t\t\t\t\t\t\t\t<a href=\"https:\/\/areaweb.online\/companyvalley\/digital-photography\/\" target=\"_self\" title=\"DIGITAL PHOTOGRAPHY\">\n\t\t\t\t<img decoding=\"async\" src=\"https:\/\/areaweb.online\/companyvalley\/wp-content\/uploads\/2022\/01\/photographer-working-with-model-2021-08-26-15-44-54-utc.jpg\" alt=\"\" \/>\n\t\t\t\t<\/a>\n\t\t\t<a href=\"https:\/\/areaweb.online\/companyvalley\/tag\/diseno-digital\/\">Dise\u00f1o Digital<\/a>\t\t\t<h2>\n\t\t\t\t<a href=https:\/\/areaweb.online\/companyvalley\/digital-photography\/ title=\"DIGITAL PHOTOGRAPHY\" tabindex=\"0\">DIGITAL PHOTOGRAPHY<\/a>\t\t\t<\/h2>\n\t\t\t<a href=\"https:\/\/areaweb.online\/companyvalley\/digital-photography\/\" title=\"Click Here\" target=\"_self\"   role=\"button\" aria-label=\"VER M\u00c1STER\">\n\t\t\t\t\t\t\tVER M\u00c1STER\n\t\t<\/a>\n\t\t\t\t\t\t\t\t\t\t\t\t\t\t<a href=\"https:\/\/areaweb.online\/companyvalley\/executive-coaching\/\" target=\"_self\" title=\"Executive Coaching\">\n\t\t\t\t<img decoding=\"async\" src=\"https:\/\/areaweb.online\/companyvalley\/wp-content\/uploads\/2022\/01\/coach-answering-questions-in-a-work-meeting-2021-10-27-19-51-58-utc.jpg\" alt=\"\" \/>\n\t\t\t\t<\/a>\n\t\t\t<a href=\"https:\/\/areaweb.online\/companyvalley\/tag\/coaching\/\">Coaching<\/a>\t\t\t<h2>\n\t\t\t\t<a href=https:\/\/areaweb.online\/companyvalley\/executive-coaching\/ title=\"Executive Coaching\" tabindex=\"0\">Executive Coaching<\/a>\t\t\t<\/h2>\n\t\t\t<a href=\"https:\/\/areaweb.online\/companyvalley\/executive-coaching\/\" title=\"Click Here\" target=\"_self\"   role=\"button\" aria-label=\"VER M\u00c1STER\">\n\t\t\t\t\t\t\tVER M\u00c1STER\n\t\t<\/a>\n\t\t\t\t\t\t\t\t\t\t\t\t\t\t<a href=\"https:\/\/areaweb.online\/companyvalley\/master-en-community-manager\/\" target=\"_self\" title=\"M\u00c1STER COMMUNITY MANAGER\">\n\t\t\t\t<img decoding=\"async\" src=\"https:\/\/areaweb.online\/companyvalley\/wp-content\/uploads\/2022\/02\/graphic-software-editor-with-headphones-working-2021-10-20-00-53-51-utc.jpg\" alt=\"\" \/>\n\t\t\t\t<\/a>\n\t\t\t<a href=\"https:\/\/areaweb.online\/companyvalley\/tag\/diseno\/\">Dise\u00f1o<\/a>\t\t\t<h2>\n\t\t\t\t<a href=https:\/\/areaweb.online\/companyvalley\/master-en-community-manager\/ title=\"M\u00c1STER COMMUNITY MANAGER\" tabindex=\"0\">M\u00c1STER COMMUNITY MANAGER<\/a>\t\t\t<\/h2>\n\t\t\t<a href=\"https:\/\/areaweb.online\/companyvalley\/master-en-community-manager\/\" title=\"Click Here\" target=\"_self\"   role=\"button\" aria-label=\"VER M\u00c1STER\">\n\t\t\t\t\t\t\tVER M\u00c1STER\n\t\t<\/a>\n\t\t\t\t<img loading=\"lazy\" decoding=\"async\" src=\"https:\/\/areaweb.online\/companyvalley\/wp-content\/uploads\/2021\/12\/orla1-alfa-1.png\" alt=\"orla1-alfa\" itemprop=\"image\" height=\"600\" width=\"640\" title=\"orla1-alfa\" onerror=\"this.style.display='none'\"  \/>\n\t\t\t<h5>Descubre nuestro<\/h5><h1>Bootcamp en Bali<\/h1>\t\t\t\n\t\t\t\t<p>Aprende a programar desde cero en Bali y convi\u00e9rtete en programador. Nuestro programa est\u00e1 pensado para que todos los alumnos adquieran las habilidades necesarias para cambiar su vida a trav\u00e9s de las experiencias de aprendizaje que les hemos preparado.<\/p>\n\t\t\t<a href=\"https:\/\/areaweb.online\/companyvalley\/bootcamp-bali-programacion\/\" title=\"Click Here\" target=\"_self\"   role=\"button\" aria-label=\"SABER M\u00c1S \">\n\t\t\t\t\t\t\tSABER M\u00c1S \n\t\t<\/a>\n\t\t\t\t<img decoding=\"async\" src=\"https:\/\/clubpowerwoman.com\/wp-content\/uploads\/2021\/12\/masterclass1.jpg\" alt=\"masterclass1\" title=\"masterclass1\" itemprop=\"image\"  \/>\n\t\t\t<h3>FRONT END CODING<\/h3><h3>BOOTCAMP BALI 2022 <\/h3>\t\t\t\n\t<h4>FULL TIME &#8211; 5 SEMANAS<\/h4>\n27 Junio 2022 &#8211; 31 Julio 2022<br \/>\n08 &#8211; 16 hs.\n\t\t\t<a href=\"#informacion\" title=\"Click Here\" target=\"_self\"   role=\"button\" aria-label=\"SOLICITA INFORMACI\u00d3N\">\n\t\t\t\t\t\t\tSOLICITA INFORMACI\u00d3N\n\t\t<\/a>\n\t\t\t<h3>FULL STACK CODING<\/h3><h3>BOOTCAMP BALI 2022 <\/h3>\t\t\t\n\t<h4>FULL TIME &#8211; 13 SEMANAS<\/h4>\n27 Junio 2022 &#8211; 25 Septiembre 2022<br \/>\n08 &#8211; 16 hs.\n\t\t\t<a href=\"#informacion\" title=\"Click Here\" target=\"_self\"   role=\"button\" aria-label=\"SOLICITA INFORMACI\u00d3N\">\n\t\t\t\t\t\t\tSOLICITA INFORMACI\u00d3N\n\t\t<\/a>\n\t\t\t\t<img loading=\"lazy\" decoding=\"async\" src=\"https:\/\/areaweb.online\/companyvalley\/wp-content\/uploads\/2021\/12\/orla2.png\" alt=\"orla2\" itemprop=\"image\" height=\"600\" width=\"640\" title=\"orla2\" onerror=\"this.style.display='none'\"  \/>\n\t<h1>\n\t\t\t\tDIGITAL NOMAD IN BALI\n\t\t\t<\/h1>\n\tMejora tu experiencia y participa en nuestro programa intensivo de 30 d\u00edas <strong>\u00abDigital Nomad Program\u00bb<\/strong>. Te llevaremos a <strong>Bali <\/strong>para que puedas conocer de primera mano el ecosistema de los n\u00f3madas digitales.<br \/>\nEl viaje, alojamiento y experiencias inolvidables <strong>est\u00e1n incluidas en el programa<\/strong>.\n\t\t<nav>\n\t\t\t<ul>\n\t\t\t\t\t\t\t\t<li data-index=\"0\" tabindex=\"0\">\n\t\t\t\t\t<h4>\n\t\t\t\t\t\t<a href=\"javascript:void(0);\" tabindex=\"-1\">ESTILO DE VIDA\n\t\t\t\t\t\t\t\t\t\t\t\t<\/a>\n\t\t\t\t\t<\/h4>\n\t\t\t\t<\/li>\n\t\t\t\t\t\t\t\t<li data-index=\"1\" tabindex=\"0\">\n\t\t\t\t\t<h4>\n\t\t\t\t\t\t<a href=\"javascript:void(0);\" tabindex=\"-1\">COMUNIDAD\n\t\t\t\t\t\t\t\t\t\t\t\t<\/a>\n\t\t\t\t\t<\/h4>\n\t\t\t\t<\/li>\n\t\t\t\t\t\t\t\t<li data-index=\"2\" tabindex=\"0\">\n\t\t\t\t\t<h4>\n\t\t\t\t\t\t<a href=\"javascript:void(0);\" tabindex=\"-1\">COWORKING\n\t\t\t\t\t\t\t\t\t\t\t\t<\/a>\n\t\t\t\t\t<\/h4>\n\t\t\t\t<\/li>\n\t\t\t\t\t\t\t\t<li data-index=\"3\" tabindex=\"0\">\n\t\t\t\t\t<h4>\n\t\t\t\t\t\t<a href=\"javascript:void(0);\" tabindex=\"-1\">LIFESTYLE\n\t\t\t\t\t\t\t\t\t\t\t\t<\/a>\n\t\t\t\t\t<\/h4>\n\t\t\t\t<\/li>\n\t\t\t\t\t\t\t<\/ul>\n\t\t<\/nav>\n\t\t\t\t\t<h4>\n\t\t\t\t\t\t\t\t\t\t\t\tESTILO DE VIDA\n\t\t\t\t\t\t\t\t\t\t\t<\/h4>\n\t\t\t\t\t<p>Har\u00e1s realidad tus sue\u00f1os y empezar\u00e1s a vivir como siempre has querido.<\/p>\n\t\t\t\t\t<h4>\n\t\t\t\t\t\t\t\t\t\t\t\tCOMUNIDAD\n\t\t\t\t\t\t\t\t\t\t\t<\/h4>\n\t\t\t\t\t<p>Crear\u00e9is una red de n\u00f3madas digitales que ser\u00e1 de por vida.<\/p>\n\t\t\t\t\t<h4>\n\t\t\t\t\t\t\t\t\t\t\t\tCOWORKING\n\t\t\t\t\t\t\t\t\t\t\t<\/h4>\n\t\t\t\t\t<p>Tendr\u00e1s un espacio para ti delante de la playa donde podr\u00e1s seguir estudiando.<\/p>\n\t\t\t\t\t<h4>\n\t\t\t\t\t\t\t\t\t\t\t\tLIFESTYLE\n\t\t\t\t\t\t\t\t\t\t\t<\/h4>\n\t\t\t\t\t<p>Deja de pensar y haz realidad tu sue\u00f1o. Vive la experiencia de ser un n\u00f3mada digital en pura esencia. Ser\u00e1 tu primer paso para tu libertad econ\u00f3mica<\/p>\n\t\t\t\t\t<!-- \/content -->\n\t<!-- \/tabs -->\n\t\t\t<a href=\"https:\/\/areaweb.online\/companyvalley\/nomada-digital\" title=\"Click Here\" target=\"_self\"   role=\"button\" aria-label=\"N\u00d3MADAS DIGITALES\">\n\t\t\t\t\t\t\tN\u00d3MADAS DIGITALES\n\t\t<\/a>\n\t\t\t\t<img loading=\"lazy\" decoding=\"async\" src=\"https:\/\/areaweb.online\/companyvalley\/wp-content\/uploads\/2021\/12\/orla1-alfa-1.png\" alt=\"orla1-alfa\" itemprop=\"image\" height=\"600\" width=\"640\" title=\"orla1-alfa\" onerror=\"this.style.display='none'\"  \/>\n\t<h1>\n\t\t\t\tTESTIMONIOS\n\t\t\t<\/h1>\n\t\t\t<a href=\"#informacion\" title=\"Click Here\" target=\"_self\"   role=\"button\" aria-label=\"SOLICITA INFORMACI\u00d3N\">\n\t\t\t\t\t\t\tSOLICITA INFORMACI\u00d3N\n\t\t<\/a>\n\t\t\t\t<img decoding=\"async\" src=\"https:\/\/lite.demos.wpbeaverbuilder.com\/wp-content\/uploads\/sites\/28\/2020\/02\/harps-joseph-tAvpDE7fXgY-unsplash-768x768-1.jpg\" alt=\"\" itemprop=\"image\" onerror=\"this.style.display='none'\"  \/>\n\t\t\t\t\t\t<p>Ha sido una experiencia totalmente enriquecedora. Su metodolog\u00eda a distancia me ha permitido estudiar desde cualquier lugar y cuando he querido. Adem\u00e1s, me he sentido acompa\u00f1ado en todo momento por su profesorado.<\/p>\t\t\t\t\t\n\t\t\t\t\t\t\t<h6 class='uabb-testimonial-author-name testimonial-author-name'>Ra\u00fal M\u00e1rquez Gonz\u00e1lez<\/h6>\n\t\t\t\t\t\t\tFilled starFilled starFilled starFilled starFilled star\n\t\t\t\t<img decoding=\"async\" src=\"https:\/\/lite.demos.wpbeaverbuilder.com\/wp-content\/uploads\/sites\/28\/2020\/02\/austin-distel-7uoMmzPd2JA-unsplash-768x768-1.jpg\" alt=\"\" itemprop=\"image\" onerror=\"this.style.display='none'\"  \/>\n\t\t\t\t\t\t<p>Lo recomiendo 100%. Tengo que decir que al principio ten\u00eda dudas sobre estudiar un master 100% a remoto, pero una vez he acabado, tengo que decir que ha cubierto mis expectativas gratamente.<\/p>\t\t\t\t\t\n\t\t\t\t\t\t\t<h6 class='uabb-testimonial-author-name testimonial-author-name'>Alfonso Marcos<\/h6>\n\t\t\t\t\t\t\tFilled starFilled starFilled starFilled starFilled star\n\t\t\t\t<img decoding=\"async\" src=\"https:\/\/lite.demos.wpbeaverbuilder.com\/wp-content\/uploads\/sites\/28\/2020\/02\/kelly-sikkema-UUNoXZ8H56Q-unsplash-768x768-1.jpg\" alt=\"\" itemprop=\"image\" onerror=\"this.style.display='none'\"  \/>\n\t\t\t\t\t\t<p>La experiencia internacional en Bali al acabar el Master ha sido \u00fanica, una de las mejores cosas que me han pasado en la vida. No s\u00f3lo he crecido profesionalmente sino tambi\u00e9n como persona.<\/p>\n\t\t\t\t\t\t\t<h6 class='uabb-testimonial-author-name testimonial-author-name'>Clara Ramos Arias<\/h6>\n\t\t\t\t\t\t\tFilled starFilled starFilled starFilled starFilled star\n\t<h1>\n\t\t\t\tBLOG\n\t\t\t<\/h1>\n\t\t\t<a href=\"https:\/\/areaweb.online\/companyvalley\/blog\/\" title=\"Click Here\" target=\"_self\"   role=\"button\" aria-label=\"VER M\u00c1S POSTS\">\n\t\t\t\t\t\t\tVER M\u00c1S POSTS\n\t\t<\/a>\n\t\t\t\t\t\t\t\t\t\t\t\t\t\t<a href=\"https:\/\/areaweb.online\/companyvalley\/2021\/09\/26\/mindfulness-para-principiantes\/\" target=\"_self\" title=\"Mindfulness para principiantes\">\n\t\t\t\t<img decoding=\"async\" src=\"https:\/\/areaweb.online\/companyvalley\/wp-content\/uploads\/2022\/01\/group-of-business-people-working-and-C7863AZ-landscape-300x200.jpg\" alt=\"\" \/>\n\t\t\t\t<\/a>\n\t\t\t\t\t\t<h3>\n\t\t\t\t\t\t\t\tSep\t\t\t\t\t\t\t\t\n\t\t\t\t\t\t\t\t26\n\t\t\t\t\t\t\t\t2021\n\t\t\t\t\t\t<\/h3>\n\t\t\t<a href=\"https:\/\/areaweb.online\/companyvalley\/category\/mindfulness\/\">Mindfulness<\/a>\t\t\t<h4>\n\t\t\t\t<a href=https:\/\/areaweb.online\/companyvalley\/2021\/09\/26\/mindfulness-para-principiantes\/ title=\"Mindfulness para principiantes\" tabindex=\"0\">Mindfulness para principiantes<\/a>\t\t\t<\/h4>\n\t\t\t<a href=\"https:\/\/areaweb.online\/companyvalley\/2021\/09\/26\/mindfulness-para-principiantes\/\" title=\"Click Here\" target=\"_self\"   role=\"button\" aria-label=\"LEER M\u00c1S\">\n\t\t\t\t\t\t\tLEER M\u00c1S\n\t\t<\/a>\n\t\t\t\t\t\t\t\t\t\t\t\t\t\t<a href=\"https:\/\/areaweb.online\/companyvalley\/2021\/09\/26\/5-ventajas-de-estudiar-un-master-internacional\/\" target=\"_self\" title=\"Desterrando el critiqueo\">\n\t\t\t\t<img decoding=\"async\" src=\"https:\/\/areaweb.online\/companyvalley\/wp-content\/uploads\/2021\/12\/business-team-digital-device-technology-connecting-2021-08-26-17-30-55-utc-300x200.jpg\" alt=\"\" \/>\n\t\t\t\t<\/a>\n\t\t\t\t\t\t<h3>\n\t\t\t\t\t\t\t\tSep\t\t\t\t\t\t\t\t\n\t\t\t\t\t\t\t\t26\n\t\t\t\t\t\t\t\t2021\n\t\t\t\t\t\t<\/h3>\n\t\t\t<a href=\"https:\/\/areaweb.online\/companyvalley\/category\/business-life\/\">Business Life<\/a>\t\t\t<h4>\n\t\t\t\t<a href=https:\/\/areaweb.online\/companyvalley\/2021\/09\/26\/5-ventajas-de-estudiar-un-master-internacional\/ title=\"Desterrando el critiqueo\" tabindex=\"0\">Desterrando el critiqueo<\/a>\t\t\t<\/h4>\n\t\t\t<a href=\"https:\/\/areaweb.online\/companyvalley\/2021\/09\/26\/5-ventajas-de-estudiar-un-master-internacional\/\" title=\"Click Here\" target=\"_self\"   role=\"button\" aria-label=\"LEER M\u00c1S\">\n\t\t\t\t\t\t\tLEER M\u00c1S\n\t\t<\/a>\n\t\t\t\t\t\t\t\t\t\t\t\t\t\t<a href=\"https:\/\/areaweb.online\/companyvalley\/2021\/09\/26\/coding-bootcamps-y-la-nueva-economia\/\" target=\"_self\" title=\"Coding Bootcamps y la nueva econom\u00eda\">\n\t\t\t\t<img decoding=\"async\" src=\"https:\/\/areaweb.online\/companyvalley\/wp-content\/uploads\/2021\/12\/business-team-working-on-laptop-and-digital-tablet-2021-08-28-22-12-43-utc-300x200.jpg\" alt=\"\" \/>\n\t\t\t\t<\/a>\n\t\t\t\t\t\t<h3>\n\t\t\t\t\t\t\t\tSep\t\t\t\t\t\t\t\t\n\t\t\t\t\t\t\t\t26\n\t\t\t\t\t\t\t\t2021\n\t\t\t\t\t\t<\/h3>\n\t\t\t<a href=\"https:\/\/areaweb.online\/companyvalley\/category\/bootcamps-2\/\">Bootcamps<\/a>\t\t\t<h4>\n\t\t\t\t<a href=https:\/\/areaweb.online\/companyvalley\/2021\/09\/26\/coding-bootcamps-y-la-nueva-economia\/ title=\"Coding Bootcamps y la nueva econom\u00eda\" tabindex=\"0\">Coding Bootcamps y la nueva econom\u00eda<\/a>\t\t\t<\/h4>\n\t\t\t<a href=\"https:\/\/areaweb.online\/companyvalley\/2021\/09\/26\/coding-bootcamps-y-la-nueva-economia\/\" title=\"Click Here\" target=\"_self\"   role=\"button\" aria-label=\"LEER M\u00c1S\">\n\t\t\t\t\t\t\tLEER M\u00c1S\n\t\t<\/a>\n\t\t\t\t<img decoding=\"async\" src=\"https:\/\/areaweb.online\/companyvalley\/wp-content\/uploads\/2022\/02\/partners.png\" alt=\"partners\" title=\"partners\" itemprop=\"image\"\/>\n\t\t\t\t<img loading=\"lazy\" decoding=\"async\" src=\"https:\/\/areaweb.online\/companyvalley\/wp-content\/uploads\/2021\/12\/orla2.png\" alt=\"orla2\" itemprop=\"image\" height=\"600\" width=\"640\" title=\"orla2\" onerror=\"this.style.display='none'\"  \/>\n\t<h2>\n\t\t\t\tEMPIEZA HOY MISMO\n\t\t\t<\/h2>\n\t\t\t\t<h3>Solicita Informaci\u00f3n<\/h3>\n\t\t\t\t\t<form data-form_id=\"3\" id=\"fluentform_3\" data-form_instance=\"ff_form_instance_3_1\" method=\"POST\"><fieldset>\n                    <legend>Contacto Curso<\/legend><input type='hidden' name='__fluent_form_embded_post_id' value='26978' \/><input type=\"hidden\" id=\"_fluentform_3_fluentformnonce\" name=\"_fluentform_3_fluentformnonce\" value=\"44eb244061\" \/><input type=\"hidden\" name=\"_wp_http_referer\" value=\"\/companyvalley\/?fl_builder\" \/><label for='ff_3_names_first_name_'>Nombre<\/label><input type=\"text\" name=\"names[first_name]\" id=\"ff_3_names_first_name_\" placeholder=\"Nombre\" aria-invalid=\"false\" aria-required=true\/><label for='ff_3_phone' aria-label=\"Tel\u00e9fono\">Tel\u00e9fono<\/label><input name=\"phone\" type=\"tel\" placeholder=\"Tel\u00e9fono\" data-name=\"phone\" id=\"ff_3_phone\" inputmode=\"tel\"  aria-invalid='false' aria-required=false\/><label for='ff_3_email' aria-label=\"Email\">Email<\/label><input type=\"email\" name=\"email\" id=\"ff_3_email\" placeholder=\"Email\" data-name=\"email\"  aria-invalid=\"false\" aria-required=true\/><label for='ff_3_description' aria-label=\"Consulta\">Consulta<\/label><textarea aria-invalid=\"false\" aria-required=false name=\"description\" id=\"ff_3_description\" placeholder=\"Escribe tu consulta...\" rows=\"3\" cols=\"2\" data-name=\"description\"><\/textarea><button type=\"submit\">ENVIAR CONSULTA<\/button><\/fieldset><\/form>        \n\t\t\t\t<img loading=\"lazy\" decoding=\"async\" src=\"https:\/\/areaweb.online\/companyvalley\/wp-content\/uploads\/2021\/12\/orla2.png\" alt=\"orla2\" itemprop=\"image\" height=\"600\" width=\"640\" title=\"orla2\" onerror=\"this.style.display='none'\"  \/>\n\t<h5>ART\u00cdCULOS DE INTER\u00c9S<\/h5>\n<p><a href=\"#\">M\u00e1sters y Carreras Internacionales<\/a><br \/><a href=\"#\">M\u00e1sters en Internacionales en Bali<\/a><br \/><a href=\"#\">Cursos y Postgrados Digitales<\/a><\/p>\n\t<h5>INFORMACI\u00d3N<\/h5>\n<a href=\"#\">Sobre Nosotros<\/a><br \/>\n<a href=\"https:\/\/areaweb.online\/companyvalley\/partners-academicos\">Partners Acad\u00e9micos<\/a><br \/>\n<a href=\"#\">Titulaciones<\/a>\n\t<h5>COMUNIDAD<\/h5>\n<a href=\"#\">Ambassadors<\/a><br \/>\n<a href=\"#\">Contacto<\/a><br \/>\n<a href=\"#\">Tutores<\/a>\n\t<h5>LEGAL<\/h5>\n<p><a href=\"#\">Aviso Legal<\/a><br \/><a href=\"#\">Pol\u00edtica de Privacidad<\/a><br \/><a href=\"#\">Pol\u00edtica de Cookies<\/a><\/p>\n\n","protected":false},"excerpt":{"rendered":"<p>Ahora es el momento, TU VIAJE EMPIEZA AHORA LA ESCUELA DE NEGOCIOS PENSADA PARA N\u00d3MADAS DIGITALES SOLICITA INFORMACI\u00d3N TE AYUDAMOS A CAMBIAR TU VIDA VIVIENDO UNA EXPERIENCA \u00daNICA \u00bfQuieres gestionar tu tiempo? \u00bfQuieres trabajar desde cualquier lugar del mundo? \u00a1Nunca [&hellip;]<\/p>\n","protected":false},"author":2,"featured_media":0,"parent":0,"menu_order":0,"comment_status":"closed","ping_status":"closed","template":"","meta":{"site-sidebar-layout":"no-sidebar","site-content-layout":"page-builder","ast-site-content-layout":"default","site-content-style":"default","site-sidebar-style":"default","ast-global-header-display":"","ast-banner-title-visibility":"","ast-main-header-display":"","ast-hfb-above-header-display":"","ast-hfb-below-header-display":"","ast-hfb-mobile-header-display":"","site-post-title":"disabled","ast-breadcrumbs-content":"","ast-featured-img":"disabled","footer-sml-layout":"","ast-disable-related-posts":"","theme-transparent-header-meta":"enabled","adv-header-id-meta":"","stick-header-meta":"","header-above-stick-meta":"","header-main-stick-meta":"","header-below-stick-meta":"","astra-migrate-meta-layouts":"default","ast-page-background-enabled":"default","ast-page-background-meta":{"desktop":{"background-color":"","background-image":"","background-repeat":"repeat","background-position":"center center","background-size":"auto","background-attachment":"scroll","background-type":"","background-media":"","overlay-type":"","overlay-color":"","overlay-opacity":"","overlay-gradient":""},"tablet":{"background-color":"","background-image":"","background-repeat":"repeat","background-position":"center center","background-size":"auto","background-attachment":"scroll","background-type":"","background-media":"","overlay-type":"","overlay-color":"","overlay-opacity":"","overlay-gradient":""},"mobile":{"background-color":"","background-image":"","background-repeat":"repeat","background-position":"center center","background-size":"auto","background-attachment":"scroll","background-type":"","background-media":"","overlay-type":"","overlay-color":"","overlay-opacity":"","overlay-gradient":""}},"ast-content-background-meta":{"desktop":{"background-color":"var(--ast-global-color-5)","background-image":"","background-repeat":"repeat","background-position":"center center","background-size":"auto","background-attachment":"scroll","background-type":"","background-media":"","overlay-type":"","overlay-color":"","overlay-opacity":"","overlay-gradient":""},"tablet":{"background-color":"var(--ast-global-color-5)","background-image":"","background-repeat":"repeat","background-position":"center center","background-size":"auto","background-attachment":"scroll","background-type":"","background-media":"","overlay-type":"","overlay-color":"","overlay-opacity":"","overlay-gradient":""},"mobile":{"background-color":"var(--ast-global-color-5)","background-image":"","background-repeat":"repeat","background-position":"center center","background-size":"auto","background-attachment":"scroll","background-type":"","background-media":"","overlay-type":"","overlay-color":"","overlay-opacity":"","overlay-gradient":""}},"footnotes":""},"categories":[],"tags":[],"class_list":["post-26978","page","type-page","status-publish","hentry"],"_links":{"self":[{"href":"https:\/\/areaweb.online\/companyvalley\/wp-json\/wp\/v2\/pages\/26978","targetHints":{"allow":["GET"]}}],"collection":[{"href":"https:\/\/areaweb.online\/companyvalley\/wp-json\/wp\/v2\/pages"}],"about":[{"href":"https:\/\/areaweb.online\/companyvalley\/wp-json\/wp\/v2\/types\/page"}],"author":[{"embeddable":true,"href":"https:\/\/areaweb.online\/companyvalley\/wp-json\/wp\/v2\/users\/2"}],"replies":[{"embeddable":true,"href":"https:\/\/areaweb.online\/companyvalley\/wp-json\/wp\/v2\/comments?post=26978"}],"version-history":[{"count":3,"href":"https:\/\/areaweb.online\/companyvalley\/wp-json\/wp\/v2\/pages\/26978\/revisions"}],"predecessor-version":[{"id":27451,"href":"https:\/\/areaweb.online\/companyvalley\/wp-json\/wp\/v2\/pages\/26978\/revisions\/27451"}],"wp:attachment":[{"href":"https:\/\/areaweb.online\/companyvalley\/wp-json\/wp\/v2\/media?parent=26978"}],"wp:term":[{"taxonomy":"category","embeddable":true,"href":"https:\/\/areaweb.online\/companyvalley\/wp-json\/wp\/v2\/categories?post=26978"},{"taxonomy":"post_tag","embeddable":true,"href":"https:\/\/areaweb.online\/companyvalley\/wp-json\/wp\/v2\/tags?post=26978"}],"curies":[{"name":"wp","href":"https:\/\/api.w.org\/{rel}","templated":true}]}}