{"id":26735,"date":"2022-01-10T19:06:30","date_gmt":"2022-01-10T18:06:30","guid":{"rendered":"https:\/\/companyvalley.com\/?page_id=26735"},"modified":"2022-02-20T17:50:09","modified_gmt":"2022-02-20T16:50:09","slug":"cibersecurity-specialist","status":"publish","type":"page","link":"https:\/\/areaweb.online\/companyvalley\/cibersecurity-specialist\/","title":{"rendered":"CIBERSECURITY SPECIALIST"},"content":{"rendered":"\n\n\t\t\t<h5>M\u00c1STER DIGITAL COMPANY VALLEY<\/h5><h1>PR\u00d3XIMA APERTURA DE PLAZAS PARA EL M\u00c1STER<\/h1>\t\t\t\n\t\t\t<a href=\"#informacion\" target=\"_self\" role=\"button\" aria-label=\"SOLICITA INFORMACI\u00d3N\" rel=\"noopener\">\n\t\t\t\t\t\t\tSOLICITA INFORMACI\u00d3N\n\t\t<\/a>\n\t<h1>\n\t\t\t\tCONT\u00c1CTANOS PARA RECIBIR M\u00c1S INFORMACI\u00d3N O SOLICITAR UNA DE NUESTRAS EXCLUSIVAS BECAS \u00abNEXT\u00bb\n\t\t\t<\/h1>\n\t\t\t\t<img loading=\"lazy\" decoding=\"async\" src=\"https:\/\/areaweb.online\/companyvalley\/wp-content\/uploads\/2021\/12\/orla1-alfa-1.png\" alt=\"orla1-alfa\" itemprop=\"image\" height=\"600\" width=\"640\" title=\"orla1-alfa\" onerror=\"this.style.display='none'\"  \/>\n<h1>\n\t\tSOLICITA\n\t\tINFORMACI\u00d3N\n\t\t\t\t<\/h1>\t\n\t\t\t\t<img decoding=\"async\" src=\"https:\/\/clubpowerwoman.com\/wp-content\/uploads\/2021\/12\/arrow-down.png\" alt=\"arrow-down\" itemprop=\"image\" title=\"arrow-down\" onerror=\"this.style.display='none'\"  \/>\n\t<p>Pr\u00f3xima apertura de plazas para el M\u00e1ster.<\/p>\n<p>Ponte en contacto y te informaremos de todas las opciones.<\/p>\n<p>Este M\u00e1ster cuenta con BECAS NEXT disponibles para la edici\u00f3n internacional BALI NOMAD EXPERIENCE.<\/p>\n\t\t\t\t<img loading=\"lazy\" decoding=\"async\" src=\"https:\/\/areaweb.online\/companyvalley\/wp-content\/uploads\/2021\/12\/orla2.png\" alt=\"orla2\" itemprop=\"image\" height=\"600\" width=\"640\" title=\"orla2\" onerror=\"this.style.display='none'\"  \/>\n\t<h2>\n\t\t\t\tponte en contacto\n\t\t\t<\/h2>\n\t\t\t\t<form data-form_id=\"3\" id=\"fluentform_3\" data-form_instance=\"ff_form_instance_3_1\" method=\"POST\"><input type='hidden' name='__fluent_form_embded_post_id' value='26735' \/><input type=\"hidden\" id=\"_fluentform_3_fluentformnonce\" name=\"_fluentform_3_fluentformnonce\" value=\"a9a4d9739c\" \/><input type=\"hidden\" name=\"_wp_http_referer\" value=\"\/?page_id=26735&amp;fl_builder\" \/><label for='ff_3_names_first_name_'>Nombre<\/label> <input type=\"text\" name=\"names[first_name]\" id=\"ff_3_names_first_name_\" placeholder=\"Nombre\"\/><label for='ff_3_phone'>Tel\u00e9fono<\/label> <input name=\"phone\" type=\"tel\" placeholder=\"Tel\u00e9fono\" data-name=\"phone\" id=\"ff_3_phone\" inputmode=\"tel\"\/><label for='ff_3_email'>Email<\/label> <input type=\"email\" name=\"email\" id=\"ff_3_email\" placeholder=\"Email\" data-name=\"email\"\/><label for='ff_3_description'>Consulta<\/label> <textarea name=\"description\" id=\"ff_3_description\" placeholder=\"Escribe tu consulta...\" rows=\"3\" cols=\"2\" data-name=\"description\"><\/textarea><button type=\"submit\">ENVIAR CONSULTA<\/button><\/form>        \n\t\t\t\t<img loading=\"lazy\" decoding=\"async\" src=\"https:\/\/areaweb.online\/companyvalley\/wp-content\/uploads\/2021\/12\/orla2.png\" alt=\"orla2\" itemprop=\"image\" height=\"600\" width=\"640\" title=\"orla2\" onerror=\"this.style.display='none'\"  \/>\n\t<h5>ART\u00cdCULOS DE INTER\u00c9S<\/h5>\n<p><a href=\"#\">M\u00e1sters y Carreras Internacionales<\/a><br \/><a href=\"#\">M\u00e1sters en Internacionales en Bali<\/a><br \/><a href=\"#\">Cursos y Postgrados Digitales<\/a><\/p>\n\t<h5>INFORMACI\u00d3N<\/h5>\n<a href=\"#\">Sobre Nosotros<\/a><br \/>\n<a href=\"https:\/\/areaweb.online\/companyvalley\/partners-academicos\">Partners Acad\u00e9micos<\/a><br \/>\n<a href=\"#\">Titulaciones<\/a>\n\t<h5>COMUNIDAD<\/h5>\n<a href=\"https:\/\/areaweb.online\/companyvalley\/embajadoras\/\">Ambassadors<\/a><br \/>\n<a href=\"#\">Partners Acad\u00e9micos<\/a><br \/>\n<a href=\"#\">Titulaciones<\/a>\n\t<h5>LEGAL<\/h5>\n<p><a href=\"#\">Aviso Legal<\/a><br \/><a href=\"#\">Pol\u00edtica de Privacidad<\/a><br \/><a href=\"#\">Pol\u00edtica de Cookies<\/a><\/p>\n\n","protected":false},"excerpt":{"rendered":"<p>M\u00c1STER DIGITAL COMPANY VALLEY PR\u00d3XIMA APERTURA DE PLAZAS PARA EL M\u00c1STER SOLICITA INFORMACI\u00d3N CONT\u00c1CTANOS PARA RECIBIR M\u00c1S INFORMACI\u00d3N O SOLICITAR UNA DE NUESTRAS EXCLUSIVAS BECAS \u00abNEXT\u00bb SOLICITA INFORMACI\u00d3N Pr\u00f3xima apertura de plazas para el M\u00e1ster. Ponte en contacto y te [&hellip;]<\/p>\n","protected":false},"author":2,"featured_media":26997,"parent":0,"menu_order":0,"comment_status":"closed","ping_status":"closed","template":"","meta":{"site-sidebar-layout":"no-sidebar","site-content-layout":"page-builder","ast-site-content-layout":"default","site-content-style":"default","site-sidebar-style":"default","ast-global-header-display":"","ast-banner-title-visibility":"","ast-main-header-display":"","ast-hfb-above-header-display":"","ast-hfb-below-header-display":"","ast-hfb-mobile-header-display":"","site-post-title":"disabled","ast-breadcrumbs-content":"","ast-featured-img":"disabled","footer-sml-layout":"","ast-disable-related-posts":"","theme-transparent-header-meta":"disabled","adv-header-id-meta":"","stick-header-meta":"","header-above-stick-meta":"","header-main-stick-meta":"","header-below-stick-meta":"","astra-migrate-meta-layouts":"default","ast-page-background-enabled":"default","ast-page-background-meta":{"desktop":{"background-color":"","background-image":"","background-repeat":"repeat","background-position":"center center","background-size":"auto","background-attachment":"scroll","background-type":"","background-media":"","overlay-type":"","overlay-color":"","overlay-opacity":"","overlay-gradient":""},"tablet":{"background-color":"","background-image":"","background-repeat":"repeat","background-position":"center center","background-size":"auto","background-attachment":"scroll","background-type":"","background-media":"","overlay-type":"","overlay-color":"","overlay-opacity":"","overlay-gradient":""},"mobile":{"background-color":"","background-image":"","background-repeat":"repeat","background-position":"center center","background-size":"auto","background-attachment":"scroll","background-type":"","background-media":"","overlay-type":"","overlay-color":"","overlay-opacity":"","overlay-gradient":""}},"ast-content-background-meta":{"desktop":{"background-color":"var(--ast-global-color-5)","background-image":"","background-repeat":"repeat","background-position":"center center","background-size":"auto","background-attachment":"scroll","background-type":"","background-media":"","overlay-type":"","overlay-color":"","overlay-opacity":"","overlay-gradient":""},"tablet":{"background-color":"var(--ast-global-color-5)","background-image":"","background-repeat":"repeat","background-position":"center center","background-size":"auto","background-attachment":"scroll","background-type":"","background-media":"","overlay-type":"","overlay-color":"","overlay-opacity":"","overlay-gradient":""},"mobile":{"background-color":"var(--ast-global-color-5)","background-image":"","background-repeat":"repeat","background-position":"center center","background-size":"auto","background-attachment":"scroll","background-type":"","background-media":"","overlay-type":"","overlay-color":"","overlay-opacity":"","overlay-gradient":""}},"footnotes":""},"categories":[23],"tags":[29,28],"class_list":["post-26735","page","type-page","status-publish","has-post-thumbnail","hentry","category-masters","tag-business-executive","tag-marketing-digital"],"_links":{"self":[{"href":"https:\/\/areaweb.online\/companyvalley\/wp-json\/wp\/v2\/pages\/26735","targetHints":{"allow":["GET"]}}],"collection":[{"href":"https:\/\/areaweb.online\/companyvalley\/wp-json\/wp\/v2\/pages"}],"about":[{"href":"https:\/\/areaweb.online\/companyvalley\/wp-json\/wp\/v2\/types\/page"}],"author":[{"embeddable":true,"href":"https:\/\/areaweb.online\/companyvalley\/wp-json\/wp\/v2\/users\/2"}],"replies":[{"embeddable":true,"href":"https:\/\/areaweb.online\/companyvalley\/wp-json\/wp\/v2\/comments?post=26735"}],"version-history":[{"count":3,"href":"https:\/\/areaweb.online\/companyvalley\/wp-json\/wp\/v2\/pages\/26735\/revisions"}],"predecessor-version":[{"id":27219,"href":"https:\/\/areaweb.online\/companyvalley\/wp-json\/wp\/v2\/pages\/26735\/revisions\/27219"}],"wp:featuredmedia":[{"embeddable":true,"href":"https:\/\/areaweb.online\/companyvalley\/wp-json\/wp\/v2\/media\/26997"}],"wp:attachment":[{"href":"https:\/\/areaweb.online\/companyvalley\/wp-json\/wp\/v2\/media?parent=26735"}],"wp:term":[{"taxonomy":"category","embeddable":true,"href":"https:\/\/areaweb.online\/companyvalley\/wp-json\/wp\/v2\/categories?post=26735"},{"taxonomy":"post_tag","embeddable":true,"href":"https:\/\/areaweb.online\/companyvalley\/wp-json\/wp\/v2\/tags?post=26735"}],"curies":[{"name":"wp","href":"https:\/\/api.w.org\/{rel}","templated":true}]}}