{"id":26188,"date":"2021-12-19T10:17:42","date_gmt":"2021-12-19T09:17:42","guid":{"rendered":"https:\/\/areaweb.online\/companyvalley\/mi-cuenta\/"},"modified":"2021-12-22T13:48:47","modified_gmt":"2021-12-22T12:48:47","slug":"mi-cuenta","status":"publish","type":"page","link":"https:\/\/areaweb.online\/companyvalley\/mi-cuenta\/","title":{"rendered":"Mi cuenta"},"content":{"rendered":"\n\n\t\t\t\t<img loading=\"lazy\" decoding=\"async\" src=\"https:\/\/areaweb.online\/companyvalley\/wp-content\/uploads\/2021\/12\/orla2.png\" alt=\"orla2\" itemprop=\"image\" height=\"600\" width=\"640\" title=\"orla2\" onerror=\"this.style.display='none'\"  \/>\n\t<h1>\n\t\t\t\tMIS DATOS\n\t\t\t<\/h1>\n\t<div class=\"woocommerce\"><\/div>\n\t\t\t\t<img loading=\"lazy\" decoding=\"async\" src=\"https:\/\/areaweb.online\/companyvalley\/wp-content\/uploads\/2021\/12\/orla2.png\" alt=\"orla2\" itemprop=\"image\" height=\"600\" width=\"640\" title=\"orla2\" onerror=\"this.style.display='none'\"  \/>\n\t<h5>ART\u00cdCULOS DE INTER\u00c9S<\/h5>\n<p><a href=\"#\">M\u00e1sters y Carreras Internacionales<\/a><br \/><a href=\"#\">M\u00e1sters en Internacionales en Bali<\/a><br \/><a href=\"#\">Cursos y Postgrados Digitales<\/a><\/p>\n\t<h5>INFORMACI\u00d3N<\/h5>\n<p><a href=\"#\">Sobre Nosotros<\/a><br \/><a href=\"#\">Partners Acad\u00e9micos<\/a><br \/><a href=\"#\">Titulaciones<\/a><\/p>\n\t<h5>COMUNIDAD<\/h5>\n<a href=\"https:\/\/areaweb.online\/companyvalley\/embajadoras\/\">Ambassadors<\/a><br \/>\n<a href=\"#\">Partners Acad\u00e9micos<\/a><br \/>\n<a href=\"#\">Titulaciones<\/a>\n\t<h5>LEGAL<\/h5>\n<p><a href=\"#\">Aviso Legal<\/a><br \/><a href=\"#\">Pol\u00edtica de Privacidad<\/a><br \/><a href=\"#\">Pol\u00edtica de Cookies<\/a><\/p>\n\n","protected":false},"excerpt":{"rendered":"<p>MIS DATOS ART\u00cdCULOS DE INTER\u00c9S M\u00e1sters y Carreras InternacionalesM\u00e1sters en Internacionales en BaliCursos y Postgrados Digitales INFORMACI\u00d3N Sobre NosotrosPartners Acad\u00e9micosTitulaciones COMUNIDAD Ambassadors Partners Acad\u00e9micos Titulaciones LEGAL Aviso LegalPol\u00edtica de PrivacidadPol\u00edtica de Cookies<\/p>\n","protected":false},"author":1,"featured_media":0,"parent":0,"menu_order":0,"comment_status":"closed","ping_status":"closed","template":"","meta":{"site-sidebar-layout":"","site-content-layout":"page-builder","ast-site-content-layout":"default","site-content-style":"default","site-sidebar-style":"default","ast-global-header-display":"","ast-banner-title-visibility":"","ast-main-header-display":"","ast-hfb-above-header-display":"","ast-hfb-below-header-display":"","ast-hfb-mobile-header-display":"","site-post-title":"disabled","ast-breadcrumbs-content":"","ast-featured-img":"","footer-sml-layout":"","ast-disable-related-posts":"","theme-transparent-header-meta":"","adv-header-id-meta":"","stick-header-meta":"","header-above-stick-meta":"","header-main-stick-meta":"","header-below-stick-meta":"","astra-migrate-meta-layouts":"default","ast-page-background-enabled":"default","ast-page-background-meta":{"desktop":{"background-color":"","background-image":"","background-repeat":"repeat","background-position":"center center","background-size":"auto","background-attachment":"scroll","background-type":"","background-media":"","overlay-type":"","overlay-color":"","overlay-opacity":"","overlay-gradient":""},"tablet":{"background-color":"","background-image":"","background-repeat":"repeat","background-position":"center center","background-size":"auto","background-attachment":"scroll","background-type":"","background-media":"","overlay-type":"","overlay-color":"","overlay-opacity":"","overlay-gradient":""},"mobile":{"background-color":"","background-image":"","background-repeat":"repeat","background-position":"center center","background-size":"auto","background-attachment":"scroll","background-type":"","background-media":"","overlay-type":"","overlay-color":"","overlay-opacity":"","overlay-gradient":""}},"ast-content-background-meta":{"desktop":{"background-color":"var(--ast-global-color-5)","background-image":"","background-repeat":"repeat","background-position":"center center","background-size":"auto","background-attachment":"scroll","background-type":"","background-media":"","overlay-type":"","overlay-color":"","overlay-opacity":"","overlay-gradient":""},"tablet":{"background-color":"var(--ast-global-color-5)","background-image":"","background-repeat":"repeat","background-position":"center center","background-size":"auto","background-attachment":"scroll","background-type":"","background-media":"","overlay-type":"","overlay-color":"","overlay-opacity":"","overlay-gradient":""},"mobile":{"background-color":"var(--ast-global-color-5)","background-image":"","background-repeat":"repeat","background-position":"center center","background-size":"auto","background-attachment":"scroll","background-type":"","background-media":"","overlay-type":"","overlay-color":"","overlay-opacity":"","overlay-gradient":""}},"footnotes":""},"categories":[],"tags":[],"class_list":["post-26188","page","type-page","status-publish","hentry"],"_links":{"self":[{"href":"https:\/\/areaweb.online\/companyvalley\/wp-json\/wp\/v2\/pages\/26188","targetHints":{"allow":["GET"]}}],"collection":[{"href":"https:\/\/areaweb.online\/companyvalley\/wp-json\/wp\/v2\/pages"}],"about":[{"href":"https:\/\/areaweb.online\/companyvalley\/wp-json\/wp\/v2\/types\/page"}],"author":[{"embeddable":true,"href":"https:\/\/areaweb.online\/companyvalley\/wp-json\/wp\/v2\/users\/1"}],"replies":[{"embeddable":true,"href":"https:\/\/areaweb.online\/companyvalley\/wp-json\/wp\/v2\/comments?post=26188"}],"version-history":[{"count":0,"href":"https:\/\/areaweb.online\/companyvalley\/wp-json\/wp\/v2\/pages\/26188\/revisions"}],"wp:attachment":[{"href":"https:\/\/areaweb.online\/companyvalley\/wp-json\/wp\/v2\/media?parent=26188"}],"wp:term":[{"taxonomy":"category","embeddable":true,"href":"https:\/\/areaweb.online\/companyvalley\/wp-json\/wp\/v2\/categories?post=26188"},{"taxonomy":"post_tag","embeddable":true,"href":"https:\/\/areaweb.online\/companyvalley\/wp-json\/wp\/v2\/tags?post=26188"}],"curies":[{"name":"wp","href":"https:\/\/api.w.org\/{rel}","templated":true}]}}